{"id":150864,"date":"2018-02-14T13:52:52","date_gmt":"2018-02-14T12:52:52","guid":{"rendered":"https:\/\/thefuncup.com\/fun-cup-size-b\/"},"modified":"2020-07-21T16:56:57","modified_gmt":"2020-07-21T14:56:57","slug":"fun-cup-size-b","status":"publish","type":"page","link":"https:\/\/thefuncup.com\/de\/fun-cup-size-b\/","title":{"rendered":"FUN CUP SIZE B"},"content":{"rendered":"<div class=\"wpb-content-wrapper\"><p>[vc_row css_animation=&#8220;&#8220; row_type=&#8220;row&#8220; use_row_as_full_screen_section=&#8220;no&#8220; type=&#8220;full_width&#8220; angled_section=&#8220;no&#8220; text_align=&#8220;left&#8220; background_image_as_pattern=&#8220;without_pattern&#8220;][vc_column width=&#8220;1\/2&#8243;][vc_gallery type=&#8220;flexslider_slide&#8220; interval=&#8220;3&#8243; images=&#8220;152516,152513,152541&#8243; img_size=&#8220;full&#8220; el_class=&#8220;shop_slider&#8220;][\/vc_column][vc_column width=&#8220;1\/2&#8243;][vc_column_text]<\/p>\n<h3>FUN CUP SIZE B<br \/>\nDIE GR\u00d6\u00dfERE MENSTRUATIONSTASSE<\/h3>\n<p>[\/vc_column_text][vc_empty_space]<div class='q_list circle light'><\/p>\n<ul>\n<li>1 Cup SIZE B pro Packung &amp; eine antibakterielle Tasche<\/li>\n<li>Schutz f\u00fcr die st\u00e4rkeren Tage<\/li>\n<li>Ideal f\u00fcr Frauen mit einem l\u00e4ngeren Vaginalkanal<\/li>\n<li>Perfekte Form f\u00fcr maximalen Komfort<\/li>\n<li>Spart bares Geld f\u00fcr Tampons und Binden<\/li>\n<li>Aus umwelt- &amp; k\u00f6rperfreundlichem Silikon<\/li>\n<li>5,8 cm; \u00d8 4,3 cm; 30 ml<br \/>\n(h\u00e4lt 6-mal so viel wie ein Tampon)<\/li>\n<\/ul>\n<p><\/div>[vc_empty_space]<a  itemprop=\"url\" href=\"https:\/\/thefuncup.com\/de\/wo-kaufen\/\" target=\"_self\"  class=\"qbutton  default\" style=\"\">JETZT KAUFEN<\/a>[vc_empty_space][\/vc_column][\/vc_row][vc_row css_animation=&#8220;&#8220; row_type=&#8220;row&#8220; use_row_as_full_screen_section=&#8220;no&#8220; type=&#8220;full_width&#8220; angled_section=&#8220;no&#8220; text_align=&#8220;left&#8220; background_image_as_pattern=&#8220;without_pattern&#8220;][vc_column][vc_empty_space][vc_column_text]Sicherer Schutz w\u00e4hrend der st\u00e4rkeren Tage mit der gr\u00f6\u00dferen Menstruationstasse. Der\u00a0FUN CUP SIZE B, die gr\u00f6\u00dfere Variante unserer zwei k\u00f6rperfreundlichen Menstruationstassen aus medizinischem Silikon, bietet sorgenfreien Schutz f\u00fcr mehrere Stunden, l\u00e4sst sich komfortabel Tragen und f\u00f6rdert Ihre sexuelle Gesundheit. Zudem l\u00e4sst er sich \u00fcber Jahre immer wieder reinigen und wiederverwenden.<\/p>\n<p>&nbsp;<\/p>\n<p><strong>KEINE UNTERBRECHUNGEN MEHR\u00a0<\/strong><\/p>\n<p>&nbsp;<\/p>\n<p>Ihre st\u00e4rkeren Tage sind gerade ein bisschen leichter geworden. Der FUN CUP SIZE B h\u00e4lt 6-mal so viel wie ein Tampon und l\u00e4sst Sie Ihre Periode ganz vergessen. Seien Sie an vollgeladenen Arbeitstagen weniger gestresst, genie\u00dfen Sie Road Trips ohne nerviges Suchen nach einer \u00f6ffentlichen Toilette und geben Sie nie mehr Ihren Platz in der ersten Reihe von Konzerten auf!<\/p>\n<p>&nbsp;<\/p>\n<p>SIZE B wurde mit einer festen Spitze f\u00fcr einfaches Justieren und einem stabilen oberen Rand f\u00fcr einen sicheren Halt entwickelt. Die angenehm weiche Mitte passt sich mit ihrer geschwungenen Form Ihrem Inneren perfekt an &#8211; ganz ohne unangenehmen Druck auszu\u00fcben. Die etwas gr\u00f6\u00dfere Menstruationstasse ist ideal f\u00fcr Frauen mit l\u00e4ngerem Vaginalkanal.<\/p>\n<p>&nbsp;<\/p>\n<p>Sie m\u00fcssen woanders hin? Packen Sie Ihren Cup in Ihre antibakterielle Tasche und seien Sie bereit, wenn Sie Ihre Periode \u00fcberrascht.<\/p>\n<p>&nbsp;<\/p>\n<p><strong>SOLLTE ICH MIR WEGEN TSS SORGEN MACHEN?<\/strong><\/p>\n<p>Das TSS ist extrem selten, sowohl im Allgemeinen als auch im direkten Zusammenhang mit Menstruationsprodukten. Dennoch gilt: TSS ist gef\u00e4hrlich und kann, unter bestimmten Bedingungen sowie ohne \u00e4rztliche Behandlung, sogar t\u00f6dlich enden. Ursache des TSS sind toxische Bakterienst\u00e4mme, die in die Blutbahn gelangen.<\/p>\n<p>&nbsp;<\/p>\n<p><strong>TSS-Symptome:<\/strong><\/p>\n<ul class=\"contentList\">\n<li>pl\u00f6tzlich auftretendes Fieber<\/li>\n<li>Sch\u00fcttelfrost<\/li>\n<li>\u00dcbelkeit<\/li>\n<li>Erbrechen<\/li>\n<li>Muskelschmerzen<\/li>\n<li>Blutdruckabfall<\/li>\n<li>Schwindelgef\u00fchl<\/li>\n<\/ul>\n<p>&nbsp;<\/p>\n<p>Treten Symptome auf, nehmen Sie den FUN CUP heraus und konsultieren einen Arzt. Teilen Sie diesem bitte unbedingt mit, dass Sie ein einf\u00fchrbares Menstruationsprodukt verwenden. Waren Sie schon einmal am TSS erkrankt, wird die Nutzung des FUN CUP nicht empfohlen. Um das Risiko eines TSS zu minimieren, folgen Sie bitte der Gebrauchsanweisung. Dar\u00fcber hinaus empfehlen wir die R\u00fccksprache mit Ihrem Arzt, bevor (!) Sie ein Menstruationsprodukt erstmalig nutzen.[\/vc_column_text][\/vc_column][\/vc_row][vc_row css_animation=&#8220;&#8220; row_type=&#8220;row&#8220; use_row_as_full_screen_section=&#8220;no&#8220; type=&#8220;full_width&#8220; angled_section=&#8220;no&#8220; text_align=&#8220;left&#8220; background_image_as_pattern=&#8220;without_pattern&#8220;][vc_column][vc_column_text]<\/p>\n<p>[\/vc_column_text][vc_empty_space]<a  itemprop=\"url\" href=\"https:\/\/thefuncup.com\/de\/anwendung\/\" target=\"_self\"  class=\"qbutton  default\" style=\"\">WIE SIE DEN FUN CUP ANWENDEN<\/a>[vc_empty_space height=&#8220;64px&#8220;][vc_column_text]<\/p>\n<h3 style=\"text-align: left;\">GESPANNT AUF DIE ANDEREN FUN CUP SETS?<\/h3>\n<p>[\/vc_column_text][\/vc_column][\/vc_row][vc_row css_animation=&#8220;&#8220; row_type=&#8220;row&#8220; use_row_as_full_screen_section=&#8220;no&#8220; type=&#8220;full_width&#8220; angled_section=&#8220;no&#8220; text_align=&#8220;center&#8220; background_image_as_pattern=&#8220;without_pattern&#8220;][vc_column][vc_row_inner row_type=&#8220;row&#8220; type=&#8220;full_width&#8220; text_align=&#8220;center&#8220; css_animation=&#8220;&#8220; css=&#8220;.vc_custom_1518542389668{padding-bottom: 3% !important;}&#8220;][vc_column_inner width=&#8220;1\/4&#8243;][vc_single_image image=&#8220;152494&#8243; img_size=&#8220;full&#8220; alignment=&#8220;center&#8220; onclick=&#8220;custom_link&#8220; qode_css_animation=&#8220;&#8220; link=&#8220;https:\/\/thefuncup.com\/de\/fun-cup-size-a\/&#8220;][vc_empty_space height=&#8220;39px&#8220;]<a  itemprop=\"url\" href=\"https:\/\/thefuncup.com\/de\/fun-cup-size-a\/\" target=\"_self\"  class=\"qbutton  default\" style=\"\">SIZE A ENTDECKEN<\/a>[vc_empty_space height=&#8220;64px&#8220;][\/vc_column_inner][vc_column_inner width=&#8220;1\/4&#8243;][vc_single_image image=&#8220;152545&#8243; img_size=&#8220;full&#8220; alignment=&#8220;center&#8220; onclick=&#8220;custom_link&#8220; qode_css_animation=&#8220;&#8220; link=&#8220;https:\/\/thefuncup.com\/de\/fun-cup-explore-kit\/&#8220;][vc_empty_space height=&#8220;39px&#8220;]<a  itemprop=\"url\" href=\"https:\/\/thefuncup.com\/de\/fun-cup-explore-kit\/\" target=\"_self\"  class=\"qbutton  default\" style=\"\">EXPLORE KIT ENTDECKEN<\/a>[vc_empty_space height=&#8220;64px&#8220;][\/vc_column_inner][vc_column_inner width=&#8220;1\/4&#8243;][\/vc_column_inner][vc_column_inner width=&#8220;1\/4&#8243;][\/vc_column_inner][\/vc_row_inner][\/vc_column][\/vc_row][vc_column][\/vc_column][vc_column_inner][\/vc_column_inner]<\/p>\n<\/div>","protected":false},"excerpt":{"rendered":"<p>[vc_row css_animation=&#8220;&#8220; row_type=&#8220;row&#8220; use_row_as_full_screen_section=&#8220;no&#8220; type=&#8220;full_width&#8220; angled_section=&#8220;no&#8220; text_align=&#8220;left&#8220; background_image_as_pattern=&#8220;without_pattern&#8220;][vc_column width=&#8220;1\/2&#8243;][vc_gallery type=&#8220;flexslider_slide&#8220; interval=&#8220;3&#8243; images=&#8220;152516,152513,152541&#8243; img_size=&#8220;full&#8220; el_class=&#8220;shop_slider&#8220;][\/vc_column][vc_column width=&#8220;1\/2&#8243;][vc_column_text] FUN CUP SIZE B DIE GR\u00d6\u00dfERE MENSTRUATIONSTASSE [\/vc_column_text][vc_empty_space][vc_empty_space][vc_empty_space][\/vc_column][\/vc_row][vc_row css_animation=&#8220;&#8220; row_type=&#8220;row&#8220; use_row_as_full_screen_section=&#8220;no&#8220; type=&#8220;full_width&#8220; angled_section=&#8220;no&#8220; text_align=&#8220;left&#8220; background_image_as_pattern=&#8220;without_pattern&#8220;][vc_column][vc_empty_space][vc_column_text]Sicherer Schutz w\u00e4hrend der st\u00e4rkeren Tage mit der gr\u00f6\u00dferen Menstruationstasse. Der\u00a0FUN CUP SIZE B, die gr\u00f6\u00dfere&#8230;<\/p>\n","protected":false},"author":2,"featured_media":0,"parent":0,"menu_order":0,"comment_status":"closed","ping_status":"closed","template":"","meta":{"footnotes":""},"class_list":["post-150864","page","type-page","status-publish","hentry"],"yoast_head":"<!-- This site is optimized with the Yoast SEO plugin v26.8 - https:\/\/yoast.com\/product\/yoast-seo-wordpress\/ -->\n<title>FUN CUP SIZE B | Die gr\u00f6\u00dfere Menstruationstasse f\u00fcr die st\u00e4rkeren Tage<\/title>\n<meta name=\"description\" content=\"Der FUN CUP SIZE B, die gr\u00f6\u00dfere Variante unserer zwei k\u00f6rperfreundlichen Menstruationstassen aus medizinischem Silikon, h\u00e4lt 6x so viel wie ein Tampon.\" \/>\n<meta name=\"robots\" content=\"index, follow, max-snippet:-1, max-image-preview:large, max-video-preview:-1\" \/>\n<link rel=\"canonical\" href=\"https:\/\/thefuncup.com\/de\/fun-cup-size-b\/\" \/>\n<meta property=\"og:locale\" content=\"de_DE\" \/>\n<meta property=\"og:type\" content=\"article\" \/>\n<meta property=\"og:title\" content=\"FUN CUP SIZE B | Die gr\u00f6\u00dfere Menstruationstasse f\u00fcr die st\u00e4rkeren Tage\" \/>\n<meta property=\"og:description\" content=\"Der FUN CUP SIZE B, die gr\u00f6\u00dfere Variante unserer zwei k\u00f6rperfreundlichen Menstruationstassen aus medizinischem Silikon, h\u00e4lt 6x so viel wie ein Tampon.\" \/>\n<meta property=\"og:url\" content=\"https:\/\/thefuncup.com\/de\/fun-cup-size-b\/\" \/>\n<meta property=\"og:site_name\" content=\"FUN-CUP\" \/>\n<meta property=\"article:modified_time\" content=\"2020-07-21T14:56:57+00:00\" \/>\n<meta name=\"twitter:card\" content=\"summary_large_image\" \/>\n<meta name=\"twitter:label1\" content=\"Gesch\u00e4tzte Lesezeit\" \/>\n\t<meta name=\"twitter:data1\" content=\"4\u00a0Minuten\" \/>\n<script type=\"application\/ld+json\" class=\"yoast-schema-graph\">{\"@context\":\"https:\/\/schema.org\",\"@graph\":[{\"@type\":\"WebPage\",\"@id\":\"https:\/\/thefuncup.com\/de\/fun-cup-size-b\/\",\"url\":\"https:\/\/thefuncup.com\/de\/fun-cup-size-b\/\",\"name\":\"FUN CUP SIZE B | Die gr\u00f6\u00dfere Menstruationstasse f\u00fcr die st\u00e4rkeren Tage\",\"isPartOf\":{\"@id\":\"https:\/\/thefuncup.com\/en\/#website\"},\"datePublished\":\"2018-02-14T12:52:52+00:00\",\"dateModified\":\"2020-07-21T14:56:57+00:00\",\"description\":\"Der FUN CUP SIZE B, die gr\u00f6\u00dfere Variante unserer zwei k\u00f6rperfreundlichen Menstruationstassen aus medizinischem Silikon, h\u00e4lt 6x so viel wie ein Tampon.\",\"breadcrumb\":{\"@id\":\"https:\/\/thefuncup.com\/de\/fun-cup-size-b\/#breadcrumb\"},\"inLanguage\":\"de\",\"potentialAction\":[{\"@type\":\"ReadAction\",\"target\":[\"https:\/\/thefuncup.com\/de\/fun-cup-size-b\/\"]}]},{\"@type\":\"BreadcrumbList\",\"@id\":\"https:\/\/thefuncup.com\/de\/fun-cup-size-b\/#breadcrumb\",\"itemListElement\":[{\"@type\":\"ListItem\",\"position\":1,\"name\":\"Home\",\"item\":\"https:\/\/thefuncup.com\/de\/\"},{\"@type\":\"ListItem\",\"position\":2,\"name\":\"FUN CUP SIZE B\"}]},{\"@type\":\"WebSite\",\"@id\":\"https:\/\/thefuncup.com\/en\/#website\",\"url\":\"https:\/\/thefuncup.com\/en\/\",\"name\":\"FUN-CUP\",\"description\":\"SIMPLE. HEALTHY. PERIOD. THE FUN CUP\",\"potentialAction\":[{\"@type\":\"SearchAction\",\"target\":{\"@type\":\"EntryPoint\",\"urlTemplate\":\"https:\/\/thefuncup.com\/en\/?s={search_term_string}\"},\"query-input\":{\"@type\":\"PropertyValueSpecification\",\"valueRequired\":true,\"valueName\":\"search_term_string\"}}],\"inLanguage\":\"de\"}]}<\/script>\n<!-- \/ Yoast SEO plugin. -->","yoast_head_json":{"title":"FUN CUP SIZE B | Die gr\u00f6\u00dfere Menstruationstasse f\u00fcr die st\u00e4rkeren Tage","description":"Der FUN CUP SIZE B, die gr\u00f6\u00dfere Variante unserer zwei k\u00f6rperfreundlichen Menstruationstassen aus medizinischem Silikon, h\u00e4lt 6x so viel wie ein Tampon.","robots":{"index":"index","follow":"follow","max-snippet":"max-snippet:-1","max-image-preview":"max-image-preview:large","max-video-preview":"max-video-preview:-1"},"canonical":"https:\/\/thefuncup.com\/de\/fun-cup-size-b\/","og_locale":"de_DE","og_type":"article","og_title":"FUN CUP SIZE B | Die gr\u00f6\u00dfere Menstruationstasse f\u00fcr die st\u00e4rkeren Tage","og_description":"Der FUN CUP SIZE B, die gr\u00f6\u00dfere Variante unserer zwei k\u00f6rperfreundlichen Menstruationstassen aus medizinischem Silikon, h\u00e4lt 6x so viel wie ein Tampon.","og_url":"https:\/\/thefuncup.com\/de\/fun-cup-size-b\/","og_site_name":"FUN-CUP","article_modified_time":"2020-07-21T14:56:57+00:00","twitter_card":"summary_large_image","twitter_misc":{"Gesch\u00e4tzte Lesezeit":"4\u00a0Minuten"},"schema":{"@context":"https:\/\/schema.org","@graph":[{"@type":"WebPage","@id":"https:\/\/thefuncup.com\/de\/fun-cup-size-b\/","url":"https:\/\/thefuncup.com\/de\/fun-cup-size-b\/","name":"FUN CUP SIZE B | Die gr\u00f6\u00dfere Menstruationstasse f\u00fcr die st\u00e4rkeren Tage","isPartOf":{"@id":"https:\/\/thefuncup.com\/en\/#website"},"datePublished":"2018-02-14T12:52:52+00:00","dateModified":"2020-07-21T14:56:57+00:00","description":"Der FUN CUP SIZE B, die gr\u00f6\u00dfere Variante unserer zwei k\u00f6rperfreundlichen Menstruationstassen aus medizinischem Silikon, h\u00e4lt 6x so viel wie ein Tampon.","breadcrumb":{"@id":"https:\/\/thefuncup.com\/de\/fun-cup-size-b\/#breadcrumb"},"inLanguage":"de","potentialAction":[{"@type":"ReadAction","target":["https:\/\/thefuncup.com\/de\/fun-cup-size-b\/"]}]},{"@type":"BreadcrumbList","@id":"https:\/\/thefuncup.com\/de\/fun-cup-size-b\/#breadcrumb","itemListElement":[{"@type":"ListItem","position":1,"name":"Home","item":"https:\/\/thefuncup.com\/de\/"},{"@type":"ListItem","position":2,"name":"FUN CUP SIZE B"}]},{"@type":"WebSite","@id":"https:\/\/thefuncup.com\/en\/#website","url":"https:\/\/thefuncup.com\/en\/","name":"FUN-CUP","description":"SIMPLE. HEALTHY. PERIOD. THE FUN CUP","potentialAction":[{"@type":"SearchAction","target":{"@type":"EntryPoint","urlTemplate":"https:\/\/thefuncup.com\/en\/?s={search_term_string}"},"query-input":{"@type":"PropertyValueSpecification","valueRequired":true,"valueName":"search_term_string"}}],"inLanguage":"de"}]}},"_links":{"self":[{"href":"https:\/\/thefuncup.com\/de\/wp-json\/wp\/v2\/pages\/150864","targetHints":{"allow":["GET"]}}],"collection":[{"href":"https:\/\/thefuncup.com\/de\/wp-json\/wp\/v2\/pages"}],"about":[{"href":"https:\/\/thefuncup.com\/de\/wp-json\/wp\/v2\/types\/page"}],"author":[{"embeddable":true,"href":"https:\/\/thefuncup.com\/de\/wp-json\/wp\/v2\/users\/2"}],"replies":[{"embeddable":true,"href":"https:\/\/thefuncup.com\/de\/wp-json\/wp\/v2\/comments?post=150864"}],"version-history":[{"count":5,"href":"https:\/\/thefuncup.com\/de\/wp-json\/wp\/v2\/pages\/150864\/revisions"}],"predecessor-version":[{"id":152596,"href":"https:\/\/thefuncup.com\/de\/wp-json\/wp\/v2\/pages\/150864\/revisions\/152596"}],"wp:attachment":[{"href":"https:\/\/thefuncup.com\/de\/wp-json\/wp\/v2\/media?parent=150864"}],"curies":[{"name":"wp","href":"https:\/\/api.w.org\/{rel}","templated":true}]}}