{"id":150862,"date":"2018-01-19T13:11:53","date_gmt":"2018-01-19T12:11:53","guid":{"rendered":"https:\/\/thefuncup.com\/fun-cup-size-a\/"},"modified":"2020-07-10T18:10:31","modified_gmt":"2020-07-10T16:10:31","slug":"fun-cup-size-a","status":"publish","type":"page","link":"https:\/\/thefuncup.com\/de\/fun-cup-size-a\/","title":{"rendered":"FUN CUP SIZE A"},"content":{"rendered":"<div class=\"wpb-content-wrapper\"><p>[vc_row css_animation=&#8220;&#8220; row_type=&#8220;row&#8220; use_row_as_full_screen_section=&#8220;no&#8220; type=&#8220;full_width&#8220; angled_section=&#8220;no&#8220; text_align=&#8220;left&#8220; background_image_as_pattern=&#8220;without_pattern&#8220;][vc_column width=&#8220;1\/2&#8243;][vc_gallery type=&#8220;flexslider_slide&#8220; interval=&#8220;3&#8243; images=&#8220;152504,152501,152538&#8243; img_size=&#8220;full&#8220; el_class=&#8220;shop_slider&#8220;][\/vc_column][vc_column width=&#8220;1\/2&#8243;][vc_column_text]<\/p>\n<h3>FUN CUP SIZE A<br \/>\nDIE KLEINERE MENSTRUATIONSTASSE<\/h3>\n<p>[\/vc_column_text][vc_empty_space]<div class='q_list circle light'><\/p>\n<ul>\n<li>1 Cup SIZE A pro Packung &amp; eine antibakterielle Tasche<\/li>\n<li>Schutz f\u00fcr die leichteren Tage<\/li>\n<li>Ideal f\u00fcr Frauen mit einem k\u00fcrzeren Vaginalkanal<\/li>\n<li>Perfekte Form f\u00fcr maximalen Komfort<\/li>\n<li>Spart bares Geld f\u00fcr Tampons und Binden<\/li>\n<li>Aus umwelt- &amp; k\u00f6rperfreundlichem Silikon<\/li>\n<li>SIZE A: 5,3 cm; \u00d8 4 cm; 20 ml<br \/>\n(h\u00e4lt 4-mal so viel wie ein Tampon)<\/li>\n<\/ul>\n<p><\/div>[vc_empty_space]<a  itemprop=\"url\" href=\"https:\/\/thefuncup.com\/de\/wo-kaufen\/\" target=\"_self\"  class=\"qbutton  default\" style=\"\">JETZT KAUFEN<\/a>[vc_empty_space][\/vc_column][\/vc_row][vc_row css_animation=&#8220;&#8220; row_type=&#8220;row&#8220; use_row_as_full_screen_section=&#8220;no&#8220; type=&#8220;full_width&#8220; angled_section=&#8220;no&#8220; text_align=&#8220;left&#8220; background_image_as_pattern=&#8220;without_pattern&#8220;][vc_column][vc_empty_space][vc_column_text]Sicherer Schutz w\u00e4hrend der leichteren Tage. Der\u00a0FUN CUP SIZE A\u00a0sch\u00fctzt viele Stunden am St\u00fcck,\u00a0f\u00f6rdert die sexuelle Gesundheit sowie die Umwelt, spart bares Geld und schenkt Ihnen dar\u00fcber hinaus eine Extraportion Freiheit.<\/p>\n<p>&nbsp;<\/p>\n<p><strong>BLEIBEN SIE AUF DER SPUR<\/strong><\/p>\n<p>&nbsp;<\/p>\n<p>Lassen Sie sich nicht von Ihrer Periode aus der Bahn werfen! Der FUN CUP SIZE A h\u00e4lt 4-mal so viel wie ein Tampon &#8211; so k\u00f6nnen Sie sich auf andere Sachen konzentrieren und m\u00fcssen nicht dar\u00fcber nachdenken, wann Sie sich das n\u00e4chste Mal auf die Toilette schleichen m\u00fcssen.<\/p>\n<p>&nbsp;<\/p>\n<p>Der kleine Cup, SIZE A, ist gedacht f\u00fcr die leichteren Tage oder Frauen mit k\u00fcrzerem Vaginalkanal. Au\u00dferdem k\u00f6nnen Sie die kleinere Menstruationstasse auch bei Zwischenblutungen und bereits kurz vor dem Beginn Ihrer Periode verwenden, um auf Nummer sicher zu gehen. (Ein wenig Gleitgel kann in diesem Fall beim Einf\u00fchren hilfreich sein.)<\/p>\n<p>&nbsp;<\/p>\n<p>SIZE A hat einen stabilen oberen Rand und eine feste Spitze &#8211; designt f\u00fcr einen sicheren Halt und einfaches Justieren.\u00a0Das Silikon in der Mitte des Cups ist zum einen weich genug f\u00fcr maximalen Komfort, zum anderen aber auch fest genug f\u00fcr simples Einsetzen und Herausnehmen.<\/p>\n<p>&nbsp;<\/p>\n<p>Schon aus der T\u00fcr? Werfen Sie Ihren Cup in Ihre antibakterielle Tasche, damit er immer zur Stelle ist, wenn Sie ihn brauchen.<\/p>\n<p>&nbsp;<\/p>\n<p><strong>SOLLTE ICH MIR WEGEN TSS SORGEN MACHEN?<\/strong><\/p>\n<p>Das TSS ist extrem selten, sowohl im Allgemeinen als auch im direkten Zusammenhang mit Menstruationsprodukten. Dennoch gilt: TSS ist gef\u00e4hrlich und kann, unter bestimmten Bedingungen sowie ohne \u00e4rztliche Behandlung, sogar t\u00f6dlich enden. Ursache des TSS sind toxische Bakterienst\u00e4mme, die in die Blutbahn gelangen.<\/p>\n<p>&nbsp;<\/p>\n<p><strong>TSS-Symptome:<\/strong><\/p>\n<ul class=\"contentList\">\n<li>pl\u00f6tzlich auftretendes Fieber<\/li>\n<li>Sch\u00fcttelfrost<\/li>\n<li>\u00dcbelkeit<\/li>\n<li>Erbrechen<\/li>\n<li>Muskelschmerzen<\/li>\n<li>Blutdruckabfall<\/li>\n<li>Schwindelgef\u00fchl<\/li>\n<\/ul>\n<p>&nbsp;<\/p>\n<p>Treten Symptome auf, nehmen Sie den FUN CUP heraus und konsultieren einen Arzt. Teilen Sie diesem bitte unbedingt mit, dass Sie ein einf\u00fchrbares Menstruationsprodukt verwenden. Waren Sie schon einmal am TSS erkrankt, wird die Nutzung des FUN CUP nicht empfohlen. Um das Risiko eines TSS zu minimieren, folgen Sie bitte der Gebrauchsanweisung. Dar\u00fcber hinaus empfehlen wir die R\u00fccksprache mit Ihrem Arzt, bevor (!) Sie ein Menstruationsprodukt erstmalig nutzen.[\/vc_column_text][vc_empty_space]<a  itemprop=\"url\" href=\"https:\/\/thefuncup.com\/de\/anwendung\/\" target=\"_self\"  class=\"qbutton  default\" style=\"\">WIE SIE DEN FUN CUP ANWENDEN<\/a>[vc_empty_space height=&#8220;64px&#8220;][vc_column_text]<\/p>\n<h3 style=\"text-align: left;\">GESPANNT AUF DIE ANDEREN FUN CUP SETS?<\/h3>\n<p>[\/vc_column_text][\/vc_column][\/vc_row][vc_row css_animation=&#8220;&#8220; row_type=&#8220;row&#8220; use_row_as_full_screen_section=&#8220;no&#8220; type=&#8220;full_width&#8220; angled_section=&#8220;no&#8220; text_align=&#8220;center&#8220; background_image_as_pattern=&#8220;without_pattern&#8220;][vc_column][vc_row_inner row_type=&#8220;row&#8220; type=&#8220;full_width&#8220; text_align=&#8220;center&#8220; css_animation=&#8220;&#8220; css=&#8220;.vc_custom_1518542389668{padding-bottom: 3% !important;}&#8220;][vc_column_inner width=&#8220;1\/4&#8243;][vc_single_image image=&#8220;152497&#8243; img_size=&#8220;full&#8220; alignment=&#8220;center&#8220; onclick=&#8220;custom_link&#8220; qode_css_animation=&#8220;&#8220; link=&#8220;https:\/\/thefuncup.com\/de\/fun-cup-size-b\/&#8220;][vc_empty_space height=&#8220;39px&#8220;]<a  itemprop=\"url\" href=\"https:\/\/thefuncup.com\/de\/fun-cup-size-b\/\" target=\"_self\"  class=\"qbutton  default\" style=\"\">SIZE B ENTDECKEN<\/a>[vc_empty_space height=&#8220;64px&#8220;][\/vc_column_inner][vc_column_inner width=&#8220;1\/4&#8243;][vc_single_image image=&#8220;152545&#8243; img_size=&#8220;full&#8220; alignment=&#8220;center&#8220; onclick=&#8220;custom_link&#8220; qode_css_animation=&#8220;&#8220; link=&#8220;https:\/\/thefuncup.com\/de\/fun-cup-explore-kit\/&#8220;][vc_empty_space height=&#8220;39px&#8220;]<a  itemprop=\"url\" href=\"https:\/\/thefuncup.com\/de\/fun-cup-explore-kit\/\" target=\"_self\"  class=\"qbutton  default\" style=\"\">EXPLORE KIT ENTDECKEN<\/a>[vc_empty_space height=&#8220;64px&#8220;][\/vc_column_inner][vc_column_inner width=&#8220;1\/4&#8243;][\/vc_column_inner][vc_column_inner width=&#8220;1\/4&#8243;][\/vc_column_inner][\/vc_row_inner][\/vc_column][\/vc_row][vc_column][\/vc_column][vc_column_inner][\/vc_column_inner]<\/p>\n<\/div>","protected":false},"excerpt":{"rendered":"<p>[vc_row css_animation=&#8220;&#8220; row_type=&#8220;row&#8220; use_row_as_full_screen_section=&#8220;no&#8220; type=&#8220;full_width&#8220; angled_section=&#8220;no&#8220; text_align=&#8220;left&#8220; background_image_as_pattern=&#8220;without_pattern&#8220;][vc_column width=&#8220;1\/2&#8243;][vc_gallery type=&#8220;flexslider_slide&#8220; interval=&#8220;3&#8243; images=&#8220;152504,152501,152538&#8243; img_size=&#8220;full&#8220; el_class=&#8220;shop_slider&#8220;][\/vc_column][vc_column width=&#8220;1\/2&#8243;][vc_column_text] FUN CUP SIZE A DIE KLEINERE MENSTRUATIONSTASSE [\/vc_column_text][vc_empty_space][vc_empty_space][vc_empty_space][\/vc_column][\/vc_row][vc_row css_animation=&#8220;&#8220; row_type=&#8220;row&#8220; use_row_as_full_screen_section=&#8220;no&#8220; type=&#8220;full_width&#8220; angled_section=&#8220;no&#8220; text_align=&#8220;left&#8220; background_image_as_pattern=&#8220;without_pattern&#8220;][vc_column][vc_empty_space][vc_column_text]Sicherer Schutz w\u00e4hrend der leichteren Tage. Der\u00a0FUN CUP SIZE A\u00a0sch\u00fctzt viele Stunden am St\u00fcck,\u00a0f\u00f6rdert die sexuelle&#8230;<\/p>\n","protected":false},"author":2,"featured_media":0,"parent":0,"menu_order":0,"comment_status":"closed","ping_status":"closed","template":"","meta":{"footnotes":""},"class_list":["post-150862","page","type-page","status-publish","hentry"],"yoast_head":"<!-- This site is optimized with the Yoast SEO plugin v26.8 - https:\/\/yoast.com\/product\/yoast-seo-wordpress\/ -->\n<title>FUN CUP SIZE A | Die kleinere Menstruationstasse f\u00fcr die leichteren Tage<\/title>\n<meta name=\"description\" content=\"Sicherer Schutz w\u00e4hrend der leichteren Tage. Der FUN CUP SIZE A sch\u00fctzt viele Stunden am St\u00fcck und h\u00e4lt 4x so viel Fl\u00fcssigkeit wie ein Tampon.\" \/>\n<meta name=\"robots\" content=\"index, follow, max-snippet:-1, max-image-preview:large, max-video-preview:-1\" \/>\n<link rel=\"canonical\" href=\"https:\/\/thefuncup.com\/de\/fun-cup-size-a\/\" \/>\n<meta property=\"og:locale\" content=\"de_DE\" \/>\n<meta property=\"og:type\" content=\"article\" \/>\n<meta property=\"og:title\" content=\"FUN CUP SIZE A | Die kleinere Menstruationstasse f\u00fcr die leichteren Tage\" \/>\n<meta property=\"og:description\" content=\"Sicherer Schutz w\u00e4hrend der leichteren Tage. Der FUN CUP SIZE A sch\u00fctzt viele Stunden am St\u00fcck und h\u00e4lt 4x so viel Fl\u00fcssigkeit wie ein Tampon.\" \/>\n<meta property=\"og:url\" content=\"https:\/\/thefuncup.com\/de\/fun-cup-size-a\/\" \/>\n<meta property=\"og:site_name\" content=\"FUN-CUP\" \/>\n<meta property=\"article:modified_time\" content=\"2020-07-10T16:10:31+00:00\" \/>\n<meta name=\"twitter:card\" content=\"summary_large_image\" \/>\n<meta name=\"twitter:label1\" content=\"Gesch\u00e4tzte Lesezeit\" \/>\n\t<meta name=\"twitter:data1\" content=\"4\u00a0Minuten\" \/>\n<script type=\"application\/ld+json\" class=\"yoast-schema-graph\">{\"@context\":\"https:\/\/schema.org\",\"@graph\":[{\"@type\":\"WebPage\",\"@id\":\"https:\/\/thefuncup.com\/de\/fun-cup-size-a\/\",\"url\":\"https:\/\/thefuncup.com\/de\/fun-cup-size-a\/\",\"name\":\"FUN CUP SIZE A | Die kleinere Menstruationstasse f\u00fcr die leichteren Tage\",\"isPartOf\":{\"@id\":\"https:\/\/thefuncup.com\/en\/#website\"},\"datePublished\":\"2018-01-19T12:11:53+00:00\",\"dateModified\":\"2020-07-10T16:10:31+00:00\",\"description\":\"Sicherer Schutz w\u00e4hrend der leichteren Tage. Der FUN CUP SIZE A sch\u00fctzt viele Stunden am St\u00fcck und h\u00e4lt 4x so viel Fl\u00fcssigkeit wie ein Tampon.\",\"breadcrumb\":{\"@id\":\"https:\/\/thefuncup.com\/de\/fun-cup-size-a\/#breadcrumb\"},\"inLanguage\":\"de\",\"potentialAction\":[{\"@type\":\"ReadAction\",\"target\":[\"https:\/\/thefuncup.com\/de\/fun-cup-size-a\/\"]}]},{\"@type\":\"BreadcrumbList\",\"@id\":\"https:\/\/thefuncup.com\/de\/fun-cup-size-a\/#breadcrumb\",\"itemListElement\":[{\"@type\":\"ListItem\",\"position\":1,\"name\":\"Home\",\"item\":\"https:\/\/thefuncup.com\/de\/\"},{\"@type\":\"ListItem\",\"position\":2,\"name\":\"FUN CUP SIZE A\"}]},{\"@type\":\"WebSite\",\"@id\":\"https:\/\/thefuncup.com\/en\/#website\",\"url\":\"https:\/\/thefuncup.com\/en\/\",\"name\":\"FUN-CUP\",\"description\":\"SIMPLE. HEALTHY. PERIOD. THE FUN CUP\",\"potentialAction\":[{\"@type\":\"SearchAction\",\"target\":{\"@type\":\"EntryPoint\",\"urlTemplate\":\"https:\/\/thefuncup.com\/en\/?s={search_term_string}\"},\"query-input\":{\"@type\":\"PropertyValueSpecification\",\"valueRequired\":true,\"valueName\":\"search_term_string\"}}],\"inLanguage\":\"de\"}]}<\/script>\n<!-- \/ Yoast SEO plugin. -->","yoast_head_json":{"title":"FUN CUP SIZE A | Die kleinere Menstruationstasse f\u00fcr die leichteren Tage","description":"Sicherer Schutz w\u00e4hrend der leichteren Tage. Der FUN CUP SIZE A sch\u00fctzt viele Stunden am St\u00fcck und h\u00e4lt 4x so viel Fl\u00fcssigkeit wie ein Tampon.","robots":{"index":"index","follow":"follow","max-snippet":"max-snippet:-1","max-image-preview":"max-image-preview:large","max-video-preview":"max-video-preview:-1"},"canonical":"https:\/\/thefuncup.com\/de\/fun-cup-size-a\/","og_locale":"de_DE","og_type":"article","og_title":"FUN CUP SIZE A | Die kleinere Menstruationstasse f\u00fcr die leichteren Tage","og_description":"Sicherer Schutz w\u00e4hrend der leichteren Tage. Der FUN CUP SIZE A sch\u00fctzt viele Stunden am St\u00fcck und h\u00e4lt 4x so viel Fl\u00fcssigkeit wie ein Tampon.","og_url":"https:\/\/thefuncup.com\/de\/fun-cup-size-a\/","og_site_name":"FUN-CUP","article_modified_time":"2020-07-10T16:10:31+00:00","twitter_card":"summary_large_image","twitter_misc":{"Gesch\u00e4tzte Lesezeit":"4\u00a0Minuten"},"schema":{"@context":"https:\/\/schema.org","@graph":[{"@type":"WebPage","@id":"https:\/\/thefuncup.com\/de\/fun-cup-size-a\/","url":"https:\/\/thefuncup.com\/de\/fun-cup-size-a\/","name":"FUN CUP SIZE A | Die kleinere Menstruationstasse f\u00fcr die leichteren Tage","isPartOf":{"@id":"https:\/\/thefuncup.com\/en\/#website"},"datePublished":"2018-01-19T12:11:53+00:00","dateModified":"2020-07-10T16:10:31+00:00","description":"Sicherer Schutz w\u00e4hrend der leichteren Tage. Der FUN CUP SIZE A sch\u00fctzt viele Stunden am St\u00fcck und h\u00e4lt 4x so viel Fl\u00fcssigkeit wie ein Tampon.","breadcrumb":{"@id":"https:\/\/thefuncup.com\/de\/fun-cup-size-a\/#breadcrumb"},"inLanguage":"de","potentialAction":[{"@type":"ReadAction","target":["https:\/\/thefuncup.com\/de\/fun-cup-size-a\/"]}]},{"@type":"BreadcrumbList","@id":"https:\/\/thefuncup.com\/de\/fun-cup-size-a\/#breadcrumb","itemListElement":[{"@type":"ListItem","position":1,"name":"Home","item":"https:\/\/thefuncup.com\/de\/"},{"@type":"ListItem","position":2,"name":"FUN CUP SIZE A"}]},{"@type":"WebSite","@id":"https:\/\/thefuncup.com\/en\/#website","url":"https:\/\/thefuncup.com\/en\/","name":"FUN-CUP","description":"SIMPLE. HEALTHY. PERIOD. THE FUN CUP","potentialAction":[{"@type":"SearchAction","target":{"@type":"EntryPoint","urlTemplate":"https:\/\/thefuncup.com\/en\/?s={search_term_string}"},"query-input":{"@type":"PropertyValueSpecification","valueRequired":true,"valueName":"search_term_string"}}],"inLanguage":"de"}]}},"_links":{"self":[{"href":"https:\/\/thefuncup.com\/de\/wp-json\/wp\/v2\/pages\/150862","targetHints":{"allow":["GET"]}}],"collection":[{"href":"https:\/\/thefuncup.com\/de\/wp-json\/wp\/v2\/pages"}],"about":[{"href":"https:\/\/thefuncup.com\/de\/wp-json\/wp\/v2\/types\/page"}],"author":[{"embeddable":true,"href":"https:\/\/thefuncup.com\/de\/wp-json\/wp\/v2\/users\/2"}],"replies":[{"embeddable":true,"href":"https:\/\/thefuncup.com\/de\/wp-json\/wp\/v2\/comments?post=150862"}],"version-history":[{"count":6,"href":"https:\/\/thefuncup.com\/de\/wp-json\/wp\/v2\/pages\/150862\/revisions"}],"predecessor-version":[{"id":152580,"href":"https:\/\/thefuncup.com\/de\/wp-json\/wp\/v2\/pages\/150862\/revisions\/152580"}],"wp:attachment":[{"href":"https:\/\/thefuncup.com\/de\/wp-json\/wp\/v2\/media?parent=150862"}],"curies":[{"name":"wp","href":"https:\/\/api.w.org\/{rel}","templated":true}]}}