{"id":150852,"date":"2018-02-14T14:12:19","date_gmt":"2018-02-14T13:12:19","guid":{"rendered":"https:\/\/thefuncup.com\/fun-cup-explore-kit\/"},"modified":"2020-07-21T16:56:15","modified_gmt":"2020-07-21T14:56:15","slug":"fun-cup-explore-kit","status":"publish","type":"page","link":"https:\/\/thefuncup.com\/de\/fun-cup-explore-kit\/","title":{"rendered":"FUN CUP EXPLORE KIT"},"content":{"rendered":"<div class=\"wpb-content-wrapper\"><p>[vc_row css_animation=&#8220;&#8220; row_type=&#8220;row&#8220; use_row_as_full_screen_section=&#8220;no&#8220; type=&#8220;full_width&#8220; angled_section=&#8220;no&#8220; text_align=&#8220;left&#8220; background_image_as_pattern=&#8220;without_pattern&#8220;][vc_column width=&#8220;1\/2&#8243;][vc_gallery type=&#8220;flexslider_slide&#8220; interval=&#8220;3&#8243; images=&#8220;152575,151488,152548&#8243; img_size=&#8220;full&#8220; el_class=&#8220;shop_slider&#8220;][\/vc_column][vc_column width=&#8220;1\/2&#8243;][vc_column_text]<\/p>\n<h3>FUN CUP EXPLORE KIT<br \/>\n2 TASSEN. 2 GR\u00d6\u00dfEN.<\/h3>\n<p>[\/vc_column_text][vc_empty_space]<div class='q_list circle light'><\/p>\n<ul>\n<li>Enth\u00e4lt je eine kleine und eine gro\u00dfe Menstruationstasse &amp; eine antibakterielle Tasche<\/li>\n<li>Das ideale Set f\u00fcr Einsteiger<\/li>\n<li>Perfekte Form f\u00fcr maximalen Komfort<\/li>\n<li>Spart bares Geld f\u00fcr Tampons und Binden<\/li>\n<li>Aus umwelt- &amp; k\u00f6rperfreundlichem Silikon<\/li>\n<li>SIZE A: 5,3 cm; \u00d8 4 cm; 20 ml<br \/>\n(h\u00e4lt 4-mal so viel wie ein Tampon)<\/li>\n<li>SIZE B: 5,8 cm; \u00d8 4,3 cm; 30 ml<br \/>\n(h\u00e4lt 6-mal so viel wie ein Tampon)<\/li>\n<\/ul>\n<p><\/div>[vc_empty_space]<a  itemprop=\"url\" href=\"https:\/\/thefuncup.com\/de\/wo-kaufen\/\" target=\"_self\"  class=\"qbutton  default\" style=\"\">JETZT KAUFEN<\/a>[vc_empty_space][\/vc_column][\/vc_row][vc_row css_animation=&#8220;&#8220; row_type=&#8220;row&#8220; use_row_as_full_screen_section=&#8220;no&#8220; type=&#8220;full_width&#8220; angled_section=&#8220;no&#8220; text_align=&#8220;left&#8220; background_image_as_pattern=&#8220;without_pattern&#8220;][vc_column][vc_empty_space][vc_column_text]In der Regel gl\u00fccklich &#8211; mit einem komfortablen und zuverl\u00e4ssigen Schutz, der 4 bis 6-mal so viel Fl\u00fcssigkeit aufnimmt wie ein regul\u00e4rer Tampon. Das EXPLORE KIT beinhaltet je einen FUN CUP SIZE A und einen FUN CUP SIZE B und ist perfekt f\u00fcr\u00a0alle, die Menstruationstassen kennenlernen m\u00f6chten und unerfahren in der Auswahl der passenden Gr\u00f6\u00dfe sind, sowie alle, die unterschiedliche Menstruationstassen f\u00fcr leichtere und st\u00e4rkere Blutungen bevorzugen.<\/p>\n<p>&nbsp;<\/p>\n<p><strong>SIE HABEN DIE WAHL<\/strong><\/p>\n<p>&nbsp;<\/p>\n<p>Dank intensiver Recherche unserer FUN FACTORY Designer passt sich die geschwungene Form Ihrem Inneren perfekt an. Aber eine Einheitsgr\u00f6\u00dfe ist nicht f\u00fcr jeden etwas! Mit dem EXPLORE KIT k\u00f6nnen Sie ausprobieren, mit welcher Gr\u00f6\u00dfe Sie sich am wohlsten f\u00fchlen oder ob Sie beide Gr\u00f6\u00dfen einfach im Wechsel tragen m\u00f6chten.<\/p>\n<p>&nbsp;<\/p>\n<p>Beide Cups variieren in Festigkeit und Dicke des Silikons. Der obere Rand ist stabiler, so bleibt der Cup zuverl\u00e4ssig an Ort und Stelle. Auch die geschwungene Spitze ist griffig und fest &#8211; zum schnellen und einfachen Justieren. In der Mitte des Cups ist das Silikon d\u00fcnner und weicher als das anderer Menstruationstassen. So schmiegt es sich Ihrem Inneren perfekt an und sorgt f\u00fcr maximalen Komfort und sicheren Schutz. SIZE B ist die weichere der beiden Tasse &#8211; f\u00fcr einen komfortablen Sitz auch w\u00e4hrend der st\u00e4rkeren Tage.<\/p>\n<p>&nbsp;<\/p>\n<p>Sie sind unterwegs? Verstauen Sie eine Tasse sauber und diskret in der mitgelieferten Tasche aus antibakteriellem Tyvek\u00ae. So ist Ihr FUN CUP bereit, wenn Sie es sind.<\/p>\n<p>&nbsp;<\/p>\n<p><strong>SOLLTE ICH MIR WEGEN TSS SORGEN MACHEN?<\/strong><\/p>\n<p>Das TSS ist extrem selten, sowohl im Allgemeinen als auch im direkten Zusammenhang mit Menstruationsprodukten. Dennoch gilt: TSS ist gef\u00e4hrlich und kann, unter bestimmten Bedingungen sowie ohne \u00e4rztliche Behandlung, sogar t\u00f6dlich enden. Ursache des TSS sind toxische Bakterienst\u00e4mme, die in die Blutbahn gelangen.<\/p>\n<p>&nbsp;<\/p>\n<p><strong>TSS-Symptome:<\/strong><\/p>\n<ul class=\"contentList\">\n<li>pl\u00f6tzlich auftretendes Fieber<\/li>\n<li>Sch\u00fcttelfrost<\/li>\n<li>\u00dcbelkeit<\/li>\n<li>Erbrechen<\/li>\n<li>Muskelschmerzen<\/li>\n<li>Blutdruckabfall<\/li>\n<li>Schwindelgef\u00fchl<\/li>\n<\/ul>\n<p>&nbsp;<\/p>\n<p>Treten Symptome auf, nehmen Sie den FUN CUP heraus und konsultieren einen Arzt. Teilen Sie diesem bitte unbedingt mit, dass Sie ein einf\u00fchrbares Menstruationsprodukt verwenden. Waren Sie schon einmal am TSS erkrankt, wird die Nutzung des FUN CUP nicht empfohlen. Um das Risiko eines TSS zu minimieren, folgen Sie bitte der Gebrauchsanweisung. Dar\u00fcber hinaus empfehlen wir die R\u00fccksprache mit Ihrem Arzt, bevor (!) Sie ein Menstruationsprodukt erstmalig nutzen.[\/vc_column_text][vc_empty_space]<a  itemprop=\"url\" href=\"https:\/\/thefuncup.com\/de\/anwendung\/\" target=\"_self\"  class=\"qbutton  default\" style=\"\">WIE SIE DEN FUN CUP ANWENDEN<\/a>[vc_empty_space height=&#8220;64px&#8220;][vc_column_text]<\/p>\n<h3 style=\"text-align: left;\">GESPANNT AUF DIE ANDEREN FUN CUP KITS?<\/h3>\n<p>[\/vc_column_text][\/vc_column][\/vc_row][vc_row css_animation=&#8220;&#8220; row_type=&#8220;row&#8220; use_row_as_full_screen_section=&#8220;no&#8220; type=&#8220;full_width&#8220; angled_section=&#8220;no&#8220; text_align=&#8220;center&#8220; background_image_as_pattern=&#8220;without_pattern&#8220;][vc_column][vc_row_inner row_type=&#8220;row&#8220; type=&#8220;full_width&#8220; text_align=&#8220;center&#8220; css_animation=&#8220;&#8220; css=&#8220;.vc_custom_1518542389668{padding-bottom: 3% !important;}&#8220;][vc_column_inner width=&#8220;1\/4&#8243;][vc_single_image image=&#8220;152538&#8243; img_size=&#8220;full&#8220; alignment=&#8220;center&#8220; onclick=&#8220;custom_link&#8220; qode_css_animation=&#8220;&#8220; link=&#8220;https:\/\/thefuncup.com\/de\/fun-cup-size-a\/&#8220;][vc_empty_space height=&#8220;39px&#8220;]<a  itemprop=\"url\" href=\"https:\/\/thefuncup.com\/de\/fun-cup-size-a\/\" target=\"_self\"  class=\"qbutton  default\" style=\"\">SIZE A ENTDECKEN<\/a>[vc_empty_space height=&#8220;64px&#8220;][\/vc_column_inner][vc_column_inner width=&#8220;1\/4&#8243;][vc_single_image image=&#8220;152541&#8243; img_size=&#8220;full&#8220; alignment=&#8220;center&#8220; onclick=&#8220;custom_link&#8220; qode_css_animation=&#8220;&#8220; link=&#8220;https:\/\/thefuncup.com\/de\/fun-cup-size-b\/&#8220;][vc_empty_space height=&#8220;39px&#8220;]<a  itemprop=\"url\" href=\"https:\/\/thefuncup.com\/de\/fun-cup-size-b\/\" target=\"_self\"  class=\"qbutton  default\" style=\"\">SIZE B ENTDECKEN<\/a>[vc_empty_space height=&#8220;64px&#8220;][\/vc_column_inner][vc_column_inner width=&#8220;1\/4&#8243;][\/vc_column_inner][vc_column_inner width=&#8220;1\/4&#8243;][\/vc_column_inner][\/vc_row_inner][\/vc_column][\/vc_row][vc_column][\/vc_column][vc_column_inner][\/vc_column_inner]<\/p>\n<\/div>","protected":false},"excerpt":{"rendered":"<p>[vc_row css_animation=&#8220;&#8220; row_type=&#8220;row&#8220; use_row_as_full_screen_section=&#8220;no&#8220; type=&#8220;full_width&#8220; angled_section=&#8220;no&#8220; text_align=&#8220;left&#8220; background_image_as_pattern=&#8220;without_pattern&#8220;][vc_column width=&#8220;1\/2&#8243;][vc_gallery type=&#8220;flexslider_slide&#8220; interval=&#8220;3&#8243; images=&#8220;152575,151488,152548&#8243; img_size=&#8220;full&#8220; el_class=&#8220;shop_slider&#8220;][\/vc_column][vc_column width=&#8220;1\/2&#8243;][vc_column_text] FUN CUP EXPLORE KIT 2 TASSEN. 2 GR\u00d6\u00dfEN. [\/vc_column_text][vc_empty_space][vc_empty_space][vc_empty_space][\/vc_column][\/vc_row][vc_row css_animation=&#8220;&#8220; row_type=&#8220;row&#8220; use_row_as_full_screen_section=&#8220;no&#8220; type=&#8220;full_width&#8220; angled_section=&#8220;no&#8220; text_align=&#8220;left&#8220; background_image_as_pattern=&#8220;without_pattern&#8220;][vc_column][vc_empty_space][vc_column_text]In der Regel gl\u00fccklich &#8211; mit einem komfortablen und zuverl\u00e4ssigen Schutz, der 4 bis 6-mal&#8230;<\/p>\n","protected":false},"author":2,"featured_media":0,"parent":0,"menu_order":0,"comment_status":"closed","ping_status":"closed","template":"","meta":{"footnotes":""},"class_list":["post-150852","page","type-page","status-publish","hentry"],"yoast_head":"<!-- This site is optimized with the Yoast SEO plugin v26.8 - https:\/\/yoast.com\/product\/yoast-seo-wordpress\/ -->\n<title>FUN CUP EXPLORE KIT - Gr\u00f6\u00dfere und kleine Menstruationstasse im Set<\/title>\n<meta name=\"description\" content=\"Mit dem EXPLORE KIT k\u00f6nnen Sie ausprobieren, mit welchem Mens Cup Sie sich am wohlsten f\u00fchlen oder ob Sie beide Gr\u00f6\u00dfen einfach im Wechsel tragen m\u00f6chten.\" \/>\n<meta name=\"robots\" content=\"index, follow, max-snippet:-1, max-image-preview:large, max-video-preview:-1\" \/>\n<link rel=\"canonical\" href=\"https:\/\/thefuncup.com\/de\/fun-cup-explore-kit\/\" \/>\n<meta property=\"og:locale\" content=\"de_DE\" \/>\n<meta property=\"og:type\" content=\"article\" \/>\n<meta property=\"og:title\" content=\"FUN CUP EXPLORE KIT - Gr\u00f6\u00dfere und kleine Menstruationstasse im Set\" \/>\n<meta property=\"og:description\" content=\"Mit dem EXPLORE KIT k\u00f6nnen Sie ausprobieren, mit welchem Mens Cup Sie sich am wohlsten f\u00fchlen oder ob Sie beide Gr\u00f6\u00dfen einfach im Wechsel tragen m\u00f6chten.\" \/>\n<meta property=\"og:url\" content=\"https:\/\/thefuncup.com\/de\/fun-cup-explore-kit\/\" \/>\n<meta property=\"og:site_name\" content=\"FUN-CUP\" \/>\n<meta property=\"article:modified_time\" content=\"2020-07-21T14:56:15+00:00\" \/>\n<meta name=\"twitter:card\" content=\"summary_large_image\" \/>\n<meta name=\"twitter:label1\" content=\"Gesch\u00e4tzte Lesezeit\" \/>\n\t<meta name=\"twitter:data1\" content=\"4\u00a0Minuten\" \/>\n<script type=\"application\/ld+json\" class=\"yoast-schema-graph\">{\"@context\":\"https:\/\/schema.org\",\"@graph\":[{\"@type\":\"WebPage\",\"@id\":\"https:\/\/thefuncup.com\/de\/fun-cup-explore-kit\/\",\"url\":\"https:\/\/thefuncup.com\/de\/fun-cup-explore-kit\/\",\"name\":\"FUN CUP EXPLORE KIT - Gr\u00f6\u00dfere und kleine Menstruationstasse im Set\",\"isPartOf\":{\"@id\":\"https:\/\/thefuncup.com\/en\/#website\"},\"datePublished\":\"2018-02-14T13:12:19+00:00\",\"dateModified\":\"2020-07-21T14:56:15+00:00\",\"description\":\"Mit dem EXPLORE KIT k\u00f6nnen Sie ausprobieren, mit welchem Mens Cup Sie sich am wohlsten f\u00fchlen oder ob Sie beide Gr\u00f6\u00dfen einfach im Wechsel tragen m\u00f6chten.\",\"breadcrumb\":{\"@id\":\"https:\/\/thefuncup.com\/de\/fun-cup-explore-kit\/#breadcrumb\"},\"inLanguage\":\"de\",\"potentialAction\":[{\"@type\":\"ReadAction\",\"target\":[\"https:\/\/thefuncup.com\/de\/fun-cup-explore-kit\/\"]}]},{\"@type\":\"BreadcrumbList\",\"@id\":\"https:\/\/thefuncup.com\/de\/fun-cup-explore-kit\/#breadcrumb\",\"itemListElement\":[{\"@type\":\"ListItem\",\"position\":1,\"name\":\"Home\",\"item\":\"https:\/\/thefuncup.com\/de\/\"},{\"@type\":\"ListItem\",\"position\":2,\"name\":\"FUN CUP EXPLORE KIT\"}]},{\"@type\":\"WebSite\",\"@id\":\"https:\/\/thefuncup.com\/en\/#website\",\"url\":\"https:\/\/thefuncup.com\/en\/\",\"name\":\"FUN-CUP\",\"description\":\"SIMPLE. HEALTHY. PERIOD. THE FUN CUP\",\"potentialAction\":[{\"@type\":\"SearchAction\",\"target\":{\"@type\":\"EntryPoint\",\"urlTemplate\":\"https:\/\/thefuncup.com\/en\/?s={search_term_string}\"},\"query-input\":{\"@type\":\"PropertyValueSpecification\",\"valueRequired\":true,\"valueName\":\"search_term_string\"}}],\"inLanguage\":\"de\"}]}<\/script>\n<!-- \/ Yoast SEO plugin. -->","yoast_head_json":{"title":"FUN CUP EXPLORE KIT - Gr\u00f6\u00dfere und kleine Menstruationstasse im Set","description":"Mit dem EXPLORE KIT k\u00f6nnen Sie ausprobieren, mit welchem Mens Cup Sie sich am wohlsten f\u00fchlen oder ob Sie beide Gr\u00f6\u00dfen einfach im Wechsel tragen m\u00f6chten.","robots":{"index":"index","follow":"follow","max-snippet":"max-snippet:-1","max-image-preview":"max-image-preview:large","max-video-preview":"max-video-preview:-1"},"canonical":"https:\/\/thefuncup.com\/de\/fun-cup-explore-kit\/","og_locale":"de_DE","og_type":"article","og_title":"FUN CUP EXPLORE KIT - Gr\u00f6\u00dfere und kleine Menstruationstasse im Set","og_description":"Mit dem EXPLORE KIT k\u00f6nnen Sie ausprobieren, mit welchem Mens Cup Sie sich am wohlsten f\u00fchlen oder ob Sie beide Gr\u00f6\u00dfen einfach im Wechsel tragen m\u00f6chten.","og_url":"https:\/\/thefuncup.com\/de\/fun-cup-explore-kit\/","og_site_name":"FUN-CUP","article_modified_time":"2020-07-21T14:56:15+00:00","twitter_card":"summary_large_image","twitter_misc":{"Gesch\u00e4tzte Lesezeit":"4\u00a0Minuten"},"schema":{"@context":"https:\/\/schema.org","@graph":[{"@type":"WebPage","@id":"https:\/\/thefuncup.com\/de\/fun-cup-explore-kit\/","url":"https:\/\/thefuncup.com\/de\/fun-cup-explore-kit\/","name":"FUN CUP EXPLORE KIT - Gr\u00f6\u00dfere und kleine Menstruationstasse im Set","isPartOf":{"@id":"https:\/\/thefuncup.com\/en\/#website"},"datePublished":"2018-02-14T13:12:19+00:00","dateModified":"2020-07-21T14:56:15+00:00","description":"Mit dem EXPLORE KIT k\u00f6nnen Sie ausprobieren, mit welchem Mens Cup Sie sich am wohlsten f\u00fchlen oder ob Sie beide Gr\u00f6\u00dfen einfach im Wechsel tragen m\u00f6chten.","breadcrumb":{"@id":"https:\/\/thefuncup.com\/de\/fun-cup-explore-kit\/#breadcrumb"},"inLanguage":"de","potentialAction":[{"@type":"ReadAction","target":["https:\/\/thefuncup.com\/de\/fun-cup-explore-kit\/"]}]},{"@type":"BreadcrumbList","@id":"https:\/\/thefuncup.com\/de\/fun-cup-explore-kit\/#breadcrumb","itemListElement":[{"@type":"ListItem","position":1,"name":"Home","item":"https:\/\/thefuncup.com\/de\/"},{"@type":"ListItem","position":2,"name":"FUN CUP EXPLORE KIT"}]},{"@type":"WebSite","@id":"https:\/\/thefuncup.com\/en\/#website","url":"https:\/\/thefuncup.com\/en\/","name":"FUN-CUP","description":"SIMPLE. HEALTHY. PERIOD. THE FUN CUP","potentialAction":[{"@type":"SearchAction","target":{"@type":"EntryPoint","urlTemplate":"https:\/\/thefuncup.com\/en\/?s={search_term_string}"},"query-input":{"@type":"PropertyValueSpecification","valueRequired":true,"valueName":"search_term_string"}}],"inLanguage":"de"}]}},"_links":{"self":[{"href":"https:\/\/thefuncup.com\/de\/wp-json\/wp\/v2\/pages\/150852","targetHints":{"allow":["GET"]}}],"collection":[{"href":"https:\/\/thefuncup.com\/de\/wp-json\/wp\/v2\/pages"}],"about":[{"href":"https:\/\/thefuncup.com\/de\/wp-json\/wp\/v2\/types\/page"}],"author":[{"embeddable":true,"href":"https:\/\/thefuncup.com\/de\/wp-json\/wp\/v2\/users\/2"}],"replies":[{"embeddable":true,"href":"https:\/\/thefuncup.com\/de\/wp-json\/wp\/v2\/comments?post=150852"}],"version-history":[{"count":3,"href":"https:\/\/thefuncup.com\/de\/wp-json\/wp\/v2\/pages\/150852\/revisions"}],"predecessor-version":[{"id":152595,"href":"https:\/\/thefuncup.com\/de\/wp-json\/wp\/v2\/pages\/150852\/revisions\/152595"}],"wp:attachment":[{"href":"https:\/\/thefuncup.com\/de\/wp-json\/wp\/v2\/media?parent=150852"}],"curies":[{"name":"wp","href":"https:\/\/api.w.org\/{rel}","templated":true}]}}