{"id":150764,"date":"2018-02-12T12:54:36","date_gmt":"2018-02-12T11:54:36","guid":{"rendered":"https:\/\/thefuncup.com\/contact\/"},"modified":"2019-09-19T17:13:35","modified_gmt":"2019-09-19T15:13:35","slug":"kontakt","status":"publish","type":"page","link":"https:\/\/thefuncup.com\/de\/kontakt\/","title":{"rendered":"KONTAKT"},"content":{"rendered":"<div class=\"wpb-content-wrapper\"><p>[vc_row css_animation=&#8220;&#8220; row_type=&#8220;row&#8220; use_row_as_full_screen_section=&#8220;no&#8220; type=&#8220;full_width&#8220; angled_section=&#8220;no&#8220; text_align=&#8220;left&#8220; background_image_as_pattern=&#8220;without_pattern&#8220;][vc_column][vc_column_text]<\/p>\n<h2>KONTAKTFORMULAR<\/h2>\n<p>[\/vc_column_text][vc_empty_space][vc_column_text]Gibt es noch offene Fragen zum FUN CUP, die unser Hilfebereich nicht beantworten konnte? Brauchen Sie Unterst\u00fctzung oder wollen Sie uns einfach Feedback geben? Dann f\u00fcllen Sie das Kontaktformular aus und wir werden uns so schnell wie m\u00f6glich bei Ihnen zur\u00fcckmelden.[\/vc_column_text][vc_empty_space height=&#8220;64px&#8220;][\/vc_column][\/vc_row][vc_row css_animation=&#8220;&#8220; row_type=&#8220;row&#8220; use_row_as_full_screen_section=&#8220;no&#8220; type=&#8220;full_width&#8220; angled_section=&#8220;no&#8220; text_align=&#8220;left&#8220; background_image_as_pattern=&#8220;without_pattern&#8220;][vc_column][vc_column_text]\n<div class=\"wpcf7 no-js\" id=\"wpcf7-f152432-o1\" lang=\"en-US\" dir=\"ltr\" data-wpcf7-id=\"152432\">\n<div class=\"screen-reader-response\"><p role=\"status\" aria-live=\"polite\" aria-atomic=\"true\"><\/p> <ul><\/ul><\/div>\n<form action=\"\/de\/wp-json\/wp\/v2\/pages\/150764#wpcf7-f152432-o1\" method=\"post\" class=\"wpcf7-form init\" aria-label=\"Contact form\" novalidate=\"novalidate\" data-status=\"init\">\n<div style=\"display: none;\">\n<input type=\"hidden\" name=\"_wpcf7\" value=\"152432\" \/>\n<input type=\"hidden\" name=\"_wpcf7_version\" value=\"6.0.1\" \/>\n<input type=\"hidden\" name=\"_wpcf7_locale\" value=\"en_US\" \/>\n<input type=\"hidden\" name=\"_wpcf7_unit_tag\" value=\"wpcf7-f152432-o1\" \/>\n<input type=\"hidden\" name=\"_wpcf7_container_post\" value=\"0\" \/>\n<input type=\"hidden\" name=\"_wpcf7_posted_data_hash\" value=\"\" \/>\n<\/div>\n<p> Ihr Name \n    <span class=\"wpcf7-form-control-wrap\" data-name=\"your-name\"><input size=\"40\" maxlength=\"400\" class=\"wpcf7-form-control wpcf7-text\" aria-invalid=\"false\" value=\"\" type=\"text\" name=\"your-name\" \/><\/span> <\/p>\n\n<p> Ihre E-Mail-Adresse (Pflichtfeld)\n    <span class=\"wpcf7-form-control-wrap\" data-name=\"your-email\"><input size=\"40\" maxlength=\"400\" class=\"wpcf7-form-control wpcf7-email wpcf7-validates-as-required wpcf7-text wpcf7-validates-as-email\" aria-required=\"true\" aria-invalid=\"false\" value=\"\" type=\"email\" name=\"your-email\" \/><\/span> <\/p>\n\n<p> Betreff\n    <span class=\"wpcf7-form-control-wrap\" data-name=\"your-subject\"><input size=\"40\" maxlength=\"400\" class=\"wpcf7-form-control wpcf7-text\" aria-invalid=\"false\" value=\"\" type=\"text\" name=\"your-subject\" \/><\/span> <\/p>\n\n<p> Ihre Nachricht\n    <span class=\"wpcf7-form-control-wrap\" data-name=\"your-message\"><textarea cols=\"40\" rows=\"10\" maxlength=\"2000\" class=\"wpcf7-form-control wpcf7-textarea\" aria-invalid=\"false\" name=\"your-message\"><\/textarea><\/span> <\/p>\n\n<span class=\"wpcf7-form-control-wrap\" data-name=\"acceptance-446\"><span class=\"wpcf7-form-control wpcf7-acceptance\"><span class=\"wpcf7-list-item\"><label><input type=\"checkbox\" name=\"acceptance-446\" value=\"1\" aria-invalid=\"false\" \/><span class=\"wpcf7-list-item-label\">Ich bin damit einverstanden, dass die hier eingegebenen Datengem\u00e4\u00df der <a href=\"https:\/\/thefuncup.com\/de\/datenschutz\/\" target=\"_blank\" >Datenschutzerkl\u00e4rung<\/a> zum Bearbeiten der Anfrage verarbeitet werden. Meine Einwilligung kann ich jederzeit durch Mitteilung an die FUN FACTORY widerrufen.<\/span><\/label><\/span><\/span><\/span>\n<span class=\"wpcf7-form-control-wrap kc_captcha\" data-name=\"kc_captcha\"><span class=\"wpcf7-form-control wpcf7-radio\"><span class=\"captcha-image\" ><span class=\"cf7ic_instructions\">Please prove you are human by selecting the<span> key<\/span>.<\/span><label><input aria-label=\"1\" type=\"radio\" name=\"kc_captcha\" value=\"bot\" \/><svg width=\"50\" height=\"50\" aria-hidden=\"true\" role=\"img\" xmlns=\"http:\/\/www.w3.org\/2000\/svg\" viewBox=\"0 0 576 512\"><path fill=\"currentColor\" d=\"M415 24c-53 0-103 42-127 65-24-23-74-65-127-65C70 24 16 77 16 166c0 72 67 133 69 135l187 181c9 8 23 8 32 0l187-180c2-3 69-64 69-136 0-89-54-142-145-142z\"\/><\/svg><\/label><label><input aria-label=\"2\" type=\"radio\" name=\"kc_captcha\" value=\"kc_human\" \/><svg width=\"50\" height=\"50\" aria-hidden=\"true\" role=\"img\" xmlns=\"http:\/\/www.w3.org\/2000\/svg\" viewBox=\"0 0 512 512\"><path fill=\"currentColor\" d=\"M512 176a176 176 0 01-209 173l-24 27a24 24 0 01-18 8h-37v40c0 13-11 24-24 24h-40v40c0 13-11 24-24 24H24c-13 0-24-11-24-24v-78c0-6 3-13 7-17l162-162a176 176 0 11343-55zm-176-48a48 48 0 1096 0 48 48 0 00-96 0z\"\/><\/svg><\/label><label><input aria-label=\"3\" type=\"radio\" name=\"kc_captcha\" value=\"bot\" \/><svg width=\"50\" height=\"50\" aria-hidden=\"true\" role=\"img\" xmlns=\"http:\/\/www.w3.org\/2000\/svg\" viewBox=\"0 0 640 512\"><path fill=\"currentColor\" d=\"M624 352h-16V244c0-13-5-25-14-34L494 110c-9-9-21-14-34-14h-44V48c0-26-21-48-48-48H48C22 0 0 22 0 48v320c0 27 22 48 48 48h16a96 96 0 00192 0h128a96 96 0 00192 0h48c9 0 16-7 16-16v-32c0-9-7-16-16-16zM160 464a48 48 0 110-96 48 48 0 010 96zm320 0a48 48 0 110-96 48 48 0 010 96zm80-208H416V144h44l100 100v12z\"\/><\/svg><\/label>\r\n    <\/span>\r\n    <span style=\"display:none\">\r\n        <input type=\"text\" name=\"kc_honeypot\">\r\n    <\/span><\/span><\/span>\n<p>\n<input class=\"wpcf7-form-control wpcf7-submit has-spinner\" type=\"submit\" value=\"Senden\" \/><\/p><p style=\"display: none !important;\" class=\"akismet-fields-container\" data-prefix=\"_wpcf7_ak_\"><label>&#916;<textarea name=\"_wpcf7_ak_hp_textarea\" cols=\"45\" rows=\"8\" maxlength=\"100\"><\/textarea><\/label><input type=\"hidden\" id=\"ak_js_1\" name=\"_wpcf7_ak_js\" value=\"216\"\/><script>document.getElementById( \"ak_js_1\" ).setAttribute( \"value\", ( new Date() ).getTime() );<\/script><\/p><div class=\"wpcf7-response-output\" aria-hidden=\"true\"><\/div>\n<\/form>\n<\/div>\n[\/vc_column_text][vc_empty_space height=&#8220;64px&#8220;][\/vc_column][\/vc_row]<\/p>\n<\/div>","protected":false},"excerpt":{"rendered":"<p>[vc_row css_animation=&#8220;&#8220; row_type=&#8220;row&#8220; use_row_as_full_screen_section=&#8220;no&#8220; type=&#8220;full_width&#8220; angled_section=&#8220;no&#8220; text_align=&#8220;left&#8220; background_image_as_pattern=&#8220;without_pattern&#8220;][vc_column][vc_column_text] KONTAKTFORMULAR [\/vc_column_text][vc_empty_space][vc_column_text]Gibt es noch offene Fragen zum FUN CUP, die unser Hilfebereich nicht beantworten konnte? Brauchen Sie Unterst\u00fctzung oder wollen Sie uns einfach Feedback geben? Dann f\u00fcllen Sie das Kontaktformular aus und wir werden uns so schnell&#8230;<\/p>\n","protected":false},"author":2,"featured_media":0,"parent":0,"menu_order":0,"comment_status":"closed","ping_status":"closed","template":"","meta":{"footnotes":""},"class_list":["post-150764","page","type-page","status-publish","hentry"],"yoast_head":"<!-- This site is optimized with the Yoast SEO plugin v26.8 - https:\/\/yoast.com\/product\/yoast-seo-wordpress\/ -->\n<title>DER FUN CUP | Kontakt<\/title>\n<meta name=\"description\" content=\"Haben Sie weitere Fragen? Brauchen Sie Unterst\u00fctzung oder wollen Sie uns einfach nur Feedback geben? Dann kontaktieren Sie uns!\" \/>\n<meta name=\"robots\" content=\"index, follow, max-snippet:-1, max-image-preview:large, max-video-preview:-1\" \/>\n<link rel=\"canonical\" href=\"https:\/\/thefuncup.com\/de\/kontakt\/\" \/>\n<meta property=\"og:locale\" content=\"de_DE\" \/>\n<meta property=\"og:type\" content=\"article\" \/>\n<meta property=\"og:title\" content=\"DER FUN CUP | Kontakt\" \/>\n<meta property=\"og:description\" content=\"Haben Sie weitere Fragen? Brauchen Sie Unterst\u00fctzung oder wollen Sie uns einfach nur Feedback geben? Dann kontaktieren Sie uns!\" \/>\n<meta property=\"og:url\" content=\"https:\/\/thefuncup.com\/de\/kontakt\/\" \/>\n<meta property=\"og:site_name\" content=\"FUN-CUP\" \/>\n<meta property=\"article:modified_time\" content=\"2019-09-19T15:13:35+00:00\" \/>\n<meta name=\"twitter:card\" content=\"summary_large_image\" \/>\n<meta name=\"twitter:label1\" content=\"Gesch\u00e4tzte Lesezeit\" \/>\n\t<meta name=\"twitter:data1\" content=\"1\u00a0Minute\" \/>\n<script type=\"application\/ld+json\" class=\"yoast-schema-graph\">{\"@context\":\"https:\/\/schema.org\",\"@graph\":[{\"@type\":\"WebPage\",\"@id\":\"https:\/\/thefuncup.com\/de\/kontakt\/\",\"url\":\"https:\/\/thefuncup.com\/de\/kontakt\/\",\"name\":\"DER FUN CUP | Kontakt\",\"isPartOf\":{\"@id\":\"https:\/\/thefuncup.com\/en\/#website\"},\"datePublished\":\"2018-02-12T11:54:36+00:00\",\"dateModified\":\"2019-09-19T15:13:35+00:00\",\"description\":\"Haben Sie weitere Fragen? Brauchen Sie Unterst\u00fctzung oder wollen Sie uns einfach nur Feedback geben? Dann kontaktieren Sie uns!\",\"breadcrumb\":{\"@id\":\"https:\/\/thefuncup.com\/de\/kontakt\/#breadcrumb\"},\"inLanguage\":\"de\",\"potentialAction\":[{\"@type\":\"ReadAction\",\"target\":[\"https:\/\/thefuncup.com\/de\/kontakt\/\"]}]},{\"@type\":\"BreadcrumbList\",\"@id\":\"https:\/\/thefuncup.com\/de\/kontakt\/#breadcrumb\",\"itemListElement\":[{\"@type\":\"ListItem\",\"position\":1,\"name\":\"Home\",\"item\":\"https:\/\/thefuncup.com\/de\/\"},{\"@type\":\"ListItem\",\"position\":2,\"name\":\"KONTAKT\"}]},{\"@type\":\"WebSite\",\"@id\":\"https:\/\/thefuncup.com\/en\/#website\",\"url\":\"https:\/\/thefuncup.com\/en\/\",\"name\":\"FUN-CUP\",\"description\":\"SIMPLE. HEALTHY. PERIOD. THE FUN CUP\",\"potentialAction\":[{\"@type\":\"SearchAction\",\"target\":{\"@type\":\"EntryPoint\",\"urlTemplate\":\"https:\/\/thefuncup.com\/en\/?s={search_term_string}\"},\"query-input\":{\"@type\":\"PropertyValueSpecification\",\"valueRequired\":true,\"valueName\":\"search_term_string\"}}],\"inLanguage\":\"de\"}]}<\/script>\n<!-- \/ Yoast SEO plugin. -->","yoast_head_json":{"title":"DER FUN CUP | Kontakt","description":"Haben Sie weitere Fragen? Brauchen Sie Unterst\u00fctzung oder wollen Sie uns einfach nur Feedback geben? Dann kontaktieren Sie uns!","robots":{"index":"index","follow":"follow","max-snippet":"max-snippet:-1","max-image-preview":"max-image-preview:large","max-video-preview":"max-video-preview:-1"},"canonical":"https:\/\/thefuncup.com\/de\/kontakt\/","og_locale":"de_DE","og_type":"article","og_title":"DER FUN CUP | Kontakt","og_description":"Haben Sie weitere Fragen? Brauchen Sie Unterst\u00fctzung oder wollen Sie uns einfach nur Feedback geben? Dann kontaktieren Sie uns!","og_url":"https:\/\/thefuncup.com\/de\/kontakt\/","og_site_name":"FUN-CUP","article_modified_time":"2019-09-19T15:13:35+00:00","twitter_card":"summary_large_image","twitter_misc":{"Gesch\u00e4tzte Lesezeit":"1\u00a0Minute"},"schema":{"@context":"https:\/\/schema.org","@graph":[{"@type":"WebPage","@id":"https:\/\/thefuncup.com\/de\/kontakt\/","url":"https:\/\/thefuncup.com\/de\/kontakt\/","name":"DER FUN CUP | Kontakt","isPartOf":{"@id":"https:\/\/thefuncup.com\/en\/#website"},"datePublished":"2018-02-12T11:54:36+00:00","dateModified":"2019-09-19T15:13:35+00:00","description":"Haben Sie weitere Fragen? Brauchen Sie Unterst\u00fctzung oder wollen Sie uns einfach nur Feedback geben? Dann kontaktieren Sie uns!","breadcrumb":{"@id":"https:\/\/thefuncup.com\/de\/kontakt\/#breadcrumb"},"inLanguage":"de","potentialAction":[{"@type":"ReadAction","target":["https:\/\/thefuncup.com\/de\/kontakt\/"]}]},{"@type":"BreadcrumbList","@id":"https:\/\/thefuncup.com\/de\/kontakt\/#breadcrumb","itemListElement":[{"@type":"ListItem","position":1,"name":"Home","item":"https:\/\/thefuncup.com\/de\/"},{"@type":"ListItem","position":2,"name":"KONTAKT"}]},{"@type":"WebSite","@id":"https:\/\/thefuncup.com\/en\/#website","url":"https:\/\/thefuncup.com\/en\/","name":"FUN-CUP","description":"SIMPLE. HEALTHY. PERIOD. THE FUN CUP","potentialAction":[{"@type":"SearchAction","target":{"@type":"EntryPoint","urlTemplate":"https:\/\/thefuncup.com\/en\/?s={search_term_string}"},"query-input":{"@type":"PropertyValueSpecification","valueRequired":true,"valueName":"search_term_string"}}],"inLanguage":"de"}]}},"_links":{"self":[{"href":"https:\/\/thefuncup.com\/de\/wp-json\/wp\/v2\/pages\/150764","targetHints":{"allow":["GET"]}}],"collection":[{"href":"https:\/\/thefuncup.com\/de\/wp-json\/wp\/v2\/pages"}],"about":[{"href":"https:\/\/thefuncup.com\/de\/wp-json\/wp\/v2\/types\/page"}],"author":[{"embeddable":true,"href":"https:\/\/thefuncup.com\/de\/wp-json\/wp\/v2\/users\/2"}],"replies":[{"embeddable":true,"href":"https:\/\/thefuncup.com\/de\/wp-json\/wp\/v2\/comments?post=150764"}],"version-history":[{"count":1,"href":"https:\/\/thefuncup.com\/de\/wp-json\/wp\/v2\/pages\/150764\/revisions"}],"predecessor-version":[{"id":152433,"href":"https:\/\/thefuncup.com\/de\/wp-json\/wp\/v2\/pages\/150764\/revisions\/152433"}],"wp:attachment":[{"href":"https:\/\/thefuncup.com\/de\/wp-json\/wp\/v2\/media?parent=150764"}],"curies":[{"name":"wp","href":"https:\/\/api.w.org\/{rel}","templated":true}]}}