{"id":150752,"date":"2018-03-08T09:32:41","date_gmt":"2018-03-08T08:32:41","guid":{"rendered":"https:\/\/thefuncup.com\/where-to-buy\/"},"modified":"2020-06-15T15:06:02","modified_gmt":"2020-06-15T13:06:02","slug":"wo-kaufen","status":"publish","type":"page","link":"https:\/\/thefuncup.com\/de\/wo-kaufen\/","title":{"rendered":"WO KAUFEN"},"content":{"rendered":"<div class=\"wpb-content-wrapper\"><p>[vc_row css_animation=&#8220;&#8220; row_type=&#8220;row&#8220; use_row_as_full_screen_section=&#8220;no&#8220; type=&#8220;grid&#8220; angled_section=&#8220;no&#8220; text_align=&#8220;left&#8220; background_image_as_pattern=&#8220;without_pattern&#8220; z_index=&#8220;&#8220;][vc_column][vc_empty_space][vc_column_text]<\/p>\n<h2>Wo kann ich den FUN CUP kaufen?<\/h2>\n<p>[\/vc_column_text][vc_empty_space][vc_column_text]Sie k\u00f6nnen den FUN CUP direkt im Online-Shop vom Hersteller FUN FACTORY oder auch bei ausgew\u00e4hlten H\u00e4ndlern erwerben. Bevorzugen Sie eine gewohnte Shopping-Methode, gibt&#8217;s unsere FUN CUPS auch auf Amazon. Alle Optionen bieten einen diskreten Versand.[\/vc_column_text][vc_row_inner row_type=&#8220;row&#8220; type=&#8220;full_width&#8220; text_align=&#8220;left&#8220; css_animation=&#8220;&#8220;][vc_column_inner width=&#8220;1\/2&#8243; css=&#8220;.vc_custom_1523892442210{margin-top: 64px !important;}&#8220;][vc_single_image image=&#8220;143210&#8243; img_size=&#8220;&#8220; onclick=&#8220;custom_link&#8220; img_link_target=&#8220;_blank&#8220; qode_css_animation=&#8220;&#8220; link=&#8220;https:\/\/www.amazon.de\/s\/ref=sr_st_review-rank?__mk_de_DE=%C3%85M%C3%85Z%C3%95%C3%91&amp;keywords=fun+cup&amp;fst=as%3Aoff&amp;rh=n%3A64187031%2Cn%3A1888212031%2Ck%3Afun+cup%2Cp_6%3AA3HU2O50BUASG&amp;qid=1524132937&amp;sort=review-rank&#8220;][vc_empty_space][vc_column_text]Kaufen Sie auf Amazon, falls Ihnen Ihr Chef oder die Kinder gerade \u00fcber die Schulter gucken.<\/p>\n<p>[\/vc_column_text][vc_empty_space]<a  itemprop=\"url\" href=\"https:\/\/www.amazon.de\/s\/ref=sr_st_review-rank?__mk_de_DE=%C3%85M%C3%85Z%C3%95%C3%91&amp;keywords=fun+cup&amp;fst=as%3Aoff&amp;rh=n%3A64187031%2Cn%3A1888212031%2Ck%3Afun+cup%2Cp_6%3AA3HU2O50BUASG&amp;qid=1524132937&amp;sort=review-rank\" target=\"_blank\"  class=\"qbutton  default\" style=\"\">AUF AMAZON KAUFEN<\/a>[\/vc_column_inner][vc_column_inner width=&#8220;1\/2&#8243;][vc_single_image image=&#8220;420&#8243; onclick=&#8220;custom_link&#8220; img_link_target=&#8220;_blank&#8220; qode_css_animation=&#8220;&#8220; link=&#8220;https:\/\/www.funfactory.com\/products\/fun-cup?no_rule=true&#8220; css=&#8220;.vc_custom_1592207664122{padding-top: 68px !important;padding-left: 64px !important;}&#8220;][vc_empty_space][vc_column_text]Kaufen Sie beim Hersteller <strong>FUN<\/strong> FACTORY und erleben Sie eine der Top Marken im Bereich Erotikspielzeug und Sexual Wellness.[\/vc_column_text][vc_empty_space]<a  itemprop=\"url\" href=\"https:\/\/www.funfactory.com\/products\/fun-cup?no_rule=true\" target=\"_blank\"  class=\"qbutton  default\" style=\"\">BEI FUN FACTORY KAUFEN<\/a>[\/vc_column_inner][\/vc_row_inner][vc_empty_space height=&#8220;64px&#8220;][\/vc_column][\/vc_row]<\/p>\n<\/div>","protected":false},"excerpt":{"rendered":"<p>[vc_row css_animation=&#8220;&#8220; row_type=&#8220;row&#8220; use_row_as_full_screen_section=&#8220;no&#8220; type=&#8220;grid&#8220; angled_section=&#8220;no&#8220; text_align=&#8220;left&#8220; background_image_as_pattern=&#8220;without_pattern&#8220; z_index=&#8220;&#8220;][vc_column][vc_empty_space][vc_column_text] Wo kann ich den FUN CUP kaufen? [\/vc_column_text][vc_empty_space][vc_column_text]Sie k\u00f6nnen den FUN CUP direkt im Online-Shop vom Hersteller FUN FACTORY oder auch bei ausgew\u00e4hlten H\u00e4ndlern erwerben. Bevorzugen Sie eine gewohnte Shopping-Methode, gibt&#8217;s unsere FUN CUPS auch auf&#8230;<\/p>\n","protected":false},"author":2,"featured_media":0,"parent":0,"menu_order":0,"comment_status":"closed","ping_status":"closed","template":"full_width.php","meta":{"footnotes":""},"class_list":["post-150752","page","type-page","status-publish","hentry"],"yoast_head":"<!-- This site is optimized with the Yoast SEO plugin v26.8 - https:\/\/yoast.com\/product\/yoast-seo-wordpress\/ -->\n<title>DER FUN CUP | Wo kann ich den FUN CUP kaufen<\/title>\n<meta name=\"description\" content=\"Sie k\u00f6nnen den FUN CUP direkt im Online-Shop vom Hersteller FUN FACTORY oder auch bei ausgew\u00e4hlten H\u00e4ndlern erwerben. Jetzt den FUN CUP kaufen!\" \/>\n<meta name=\"robots\" content=\"index, follow, max-snippet:-1, max-image-preview:large, max-video-preview:-1\" \/>\n<link rel=\"canonical\" href=\"https:\/\/thefuncup.com\/de\/wo-kaufen\/\" \/>\n<meta property=\"og:locale\" content=\"de_DE\" \/>\n<meta property=\"og:type\" content=\"article\" \/>\n<meta property=\"og:title\" content=\"DER FUN CUP | Wo kann ich den FUN CUP kaufen\" \/>\n<meta property=\"og:description\" content=\"Sie k\u00f6nnen den FUN CUP direkt im Online-Shop vom Hersteller FUN FACTORY oder auch bei ausgew\u00e4hlten H\u00e4ndlern erwerben. Jetzt den FUN CUP kaufen!\" \/>\n<meta property=\"og:url\" content=\"https:\/\/thefuncup.com\/de\/wo-kaufen\/\" \/>\n<meta property=\"og:site_name\" content=\"FUN-CUP\" \/>\n<meta property=\"article:modified_time\" content=\"2020-06-15T13:06:02+00:00\" \/>\n<meta name=\"twitter:card\" content=\"summary_large_image\" \/>\n<meta name=\"twitter:label1\" content=\"Gesch\u00e4tzte Lesezeit\" \/>\n\t<meta name=\"twitter:data1\" content=\"2\u00a0Minuten\" \/>\n<script type=\"application\/ld+json\" class=\"yoast-schema-graph\">{\"@context\":\"https:\/\/schema.org\",\"@graph\":[{\"@type\":\"WebPage\",\"@id\":\"https:\/\/thefuncup.com\/de\/wo-kaufen\/\",\"url\":\"https:\/\/thefuncup.com\/de\/wo-kaufen\/\",\"name\":\"DER FUN CUP | Wo kann ich den FUN CUP kaufen\",\"isPartOf\":{\"@id\":\"https:\/\/thefuncup.com\/en\/#website\"},\"datePublished\":\"2018-03-08T08:32:41+00:00\",\"dateModified\":\"2020-06-15T13:06:02+00:00\",\"description\":\"Sie k\u00f6nnen den FUN CUP direkt im Online-Shop vom Hersteller FUN FACTORY oder auch bei ausgew\u00e4hlten H\u00e4ndlern erwerben. Jetzt den FUN CUP kaufen!\",\"breadcrumb\":{\"@id\":\"https:\/\/thefuncup.com\/de\/wo-kaufen\/#breadcrumb\"},\"inLanguage\":\"de\",\"potentialAction\":[{\"@type\":\"ReadAction\",\"target\":[\"https:\/\/thefuncup.com\/de\/wo-kaufen\/\"]}]},{\"@type\":\"BreadcrumbList\",\"@id\":\"https:\/\/thefuncup.com\/de\/wo-kaufen\/#breadcrumb\",\"itemListElement\":[{\"@type\":\"ListItem\",\"position\":1,\"name\":\"Home\",\"item\":\"https:\/\/thefuncup.com\/de\/\"},{\"@type\":\"ListItem\",\"position\":2,\"name\":\"WO KAUFEN\"}]},{\"@type\":\"WebSite\",\"@id\":\"https:\/\/thefuncup.com\/en\/#website\",\"url\":\"https:\/\/thefuncup.com\/en\/\",\"name\":\"FUN-CUP\",\"description\":\"SIMPLE. HEALTHY. PERIOD. THE FUN CUP\",\"potentialAction\":[{\"@type\":\"SearchAction\",\"target\":{\"@type\":\"EntryPoint\",\"urlTemplate\":\"https:\/\/thefuncup.com\/en\/?s={search_term_string}\"},\"query-input\":{\"@type\":\"PropertyValueSpecification\",\"valueRequired\":true,\"valueName\":\"search_term_string\"}}],\"inLanguage\":\"de\"}]}<\/script>\n<!-- \/ Yoast SEO plugin. -->","yoast_head_json":{"title":"DER FUN CUP | Wo kann ich den FUN CUP kaufen","description":"Sie k\u00f6nnen den FUN CUP direkt im Online-Shop vom Hersteller FUN FACTORY oder auch bei ausgew\u00e4hlten H\u00e4ndlern erwerben. Jetzt den FUN CUP kaufen!","robots":{"index":"index","follow":"follow","max-snippet":"max-snippet:-1","max-image-preview":"max-image-preview:large","max-video-preview":"max-video-preview:-1"},"canonical":"https:\/\/thefuncup.com\/de\/wo-kaufen\/","og_locale":"de_DE","og_type":"article","og_title":"DER FUN CUP | Wo kann ich den FUN CUP kaufen","og_description":"Sie k\u00f6nnen den FUN CUP direkt im Online-Shop vom Hersteller FUN FACTORY oder auch bei ausgew\u00e4hlten H\u00e4ndlern erwerben. Jetzt den FUN CUP kaufen!","og_url":"https:\/\/thefuncup.com\/de\/wo-kaufen\/","og_site_name":"FUN-CUP","article_modified_time":"2020-06-15T13:06:02+00:00","twitter_card":"summary_large_image","twitter_misc":{"Gesch\u00e4tzte Lesezeit":"2\u00a0Minuten"},"schema":{"@context":"https:\/\/schema.org","@graph":[{"@type":"WebPage","@id":"https:\/\/thefuncup.com\/de\/wo-kaufen\/","url":"https:\/\/thefuncup.com\/de\/wo-kaufen\/","name":"DER FUN CUP | Wo kann ich den FUN CUP kaufen","isPartOf":{"@id":"https:\/\/thefuncup.com\/en\/#website"},"datePublished":"2018-03-08T08:32:41+00:00","dateModified":"2020-06-15T13:06:02+00:00","description":"Sie k\u00f6nnen den FUN CUP direkt im Online-Shop vom Hersteller FUN FACTORY oder auch bei ausgew\u00e4hlten H\u00e4ndlern erwerben. Jetzt den FUN CUP kaufen!","breadcrumb":{"@id":"https:\/\/thefuncup.com\/de\/wo-kaufen\/#breadcrumb"},"inLanguage":"de","potentialAction":[{"@type":"ReadAction","target":["https:\/\/thefuncup.com\/de\/wo-kaufen\/"]}]},{"@type":"BreadcrumbList","@id":"https:\/\/thefuncup.com\/de\/wo-kaufen\/#breadcrumb","itemListElement":[{"@type":"ListItem","position":1,"name":"Home","item":"https:\/\/thefuncup.com\/de\/"},{"@type":"ListItem","position":2,"name":"WO KAUFEN"}]},{"@type":"WebSite","@id":"https:\/\/thefuncup.com\/en\/#website","url":"https:\/\/thefuncup.com\/en\/","name":"FUN-CUP","description":"SIMPLE. HEALTHY. PERIOD. THE FUN CUP","potentialAction":[{"@type":"SearchAction","target":{"@type":"EntryPoint","urlTemplate":"https:\/\/thefuncup.com\/en\/?s={search_term_string}"},"query-input":{"@type":"PropertyValueSpecification","valueRequired":true,"valueName":"search_term_string"}}],"inLanguage":"de"}]}},"_links":{"self":[{"href":"https:\/\/thefuncup.com\/de\/wp-json\/wp\/v2\/pages\/150752","targetHints":{"allow":["GET"]}}],"collection":[{"href":"https:\/\/thefuncup.com\/de\/wp-json\/wp\/v2\/pages"}],"about":[{"href":"https:\/\/thefuncup.com\/de\/wp-json\/wp\/v2\/types\/page"}],"author":[{"embeddable":true,"href":"https:\/\/thefuncup.com\/de\/wp-json\/wp\/v2\/users\/2"}],"replies":[{"embeddable":true,"href":"https:\/\/thefuncup.com\/de\/wp-json\/wp\/v2\/comments?post=150752"}],"version-history":[{"count":7,"href":"https:\/\/thefuncup.com\/de\/wp-json\/wp\/v2\/pages\/150752\/revisions"}],"predecessor-version":[{"id":152470,"href":"https:\/\/thefuncup.com\/de\/wp-json\/wp\/v2\/pages\/150752\/revisions\/152470"}],"wp:attachment":[{"href":"https:\/\/thefuncup.com\/de\/wp-json\/wp\/v2\/media?parent=150752"}],"curies":[{"name":"wp","href":"https:\/\/api.w.org\/{rel}","templated":true}]}}