{"id":150738,"date":"2018-01-16T15:13:45","date_gmt":"2018-01-16T14:13:45","guid":{"rendered":"https:\/\/thefuncup.com\/about\/"},"modified":"2019-07-03T11:35:01","modified_gmt":"2019-07-03T09:35:01","slug":"ueber-uns","status":"publish","type":"page","link":"https:\/\/thefuncup.com\/de\/ueber-uns\/","title":{"rendered":"ABOUT"},"content":{"rendered":"<div class=\"wpb-content-wrapper\"><p>[vc_row css_animation=&#8220;&#8220; row_type=&#8220;row&#8220; use_row_as_full_screen_section=&#8220;no&#8220; type=&#8220;full_width&#8220; angled_section=&#8220;no&#8220; text_align=&#8220;left&#8220; background_image_as_pattern=&#8220;without_pattern&#8220; z_index=&#8220;&#8220;][vc_column][vc_column_text]<\/p>\n<h3>Die Entwicklung des FUN CUP<\/h3>\n<p>[\/vc_column_text]<div class=\"qode-workflow  qode-workflow-animate\">\n    <span class=\"main-line\" style=\"background-color:#84c8b5;\"><\/span>\n    <div class=\"qode-workflow-item\">\n    <span class=\"line\" style=\"background-color:#84c8b5;\"><\/span>\n    <div class=\"qode-workflow-item-inner \">\n        <div class=\"qode-workflow-image left\">\n            <img fetchpriority=\"high\" decoding=\"async\" width=\"320\" height=\"320\" src=\"https:\/\/thefuncup.com\/wp-content\/uploads\/2018\/04\/Mood_kreis_320px_FUN_CUP_about_1.png\" class=\"attachment-full size-full\" alt=\"FUN CUP - The menstrual Cup - Development\" \/>        <\/div>\n        <div class=\"qode-workflow-text\">\n            <span class=\"circle\" style=\"border-color:#84c8b5;background-color:#84c8b5;\"><\/span>\n                            <h3>DIE IDEE<\/h3>\n                                                    <p class=\"text\">Unsere FUN FACTORY Designer sind echte Experten in Sachen menschlicher Anatomie. Seit \u00fcber 20 Jahren entwickeln sie innovative Produkte, angepasst an die Bed\u00fcrfnisse unserer Kunden. Einige aus unserem Team nutzten bereits Menstruationstassen, waren aber nicht zufrieden mit den verschiedenen Angeboten. Wir entschieden, all unser Expertenwissen zu nutzen und eine Tasse zu entwickeln, die sich unserem K\u00f6rper perfekt anpasst. Unsere Anforderungen: eine komfortablere Form, kr\u00e4ftige Farben und eine Alternative zu dem weit verbreiteten Silikonstiel. <\/p>\n                    <\/div>\n    <\/div>\n<\/div><\/div><div class=\"qode-workflow  qode-workflow-animate\">\n    <span class=\"main-line\" style=\"background-color:#84c8b5;\"><\/span>\n    <div class=\"qode-workflow-item\">\n    <span class=\"line\" style=\"background-color:#84c8b5;\"><\/span>\n    <div class=\"qode-workflow-item-inner reverse\">\n        <div class=\"qode-workflow-image right\">\n            <img decoding=\"async\" width=\"320\" height=\"320\" src=\"https:\/\/thefuncup.com\/wp-content\/uploads\/2018\/04\/Mood_kreis_320px_FUN_CUP_about_2.png\" class=\"attachment-full size-full\" alt=\"FUN CUP - The Menstrual Cup\" \/>        <\/div>\n        <div class=\"qode-workflow-text\">\n            <span class=\"circle\" style=\"border-color:#84c8b5;background-color:#84c8b5;\"><\/span>\n                            <h3>DIE ENTWICKLUNG<\/h3>\n                                                    <p class=\"text\">Der Entwicklungsprozess umfasste zwei gro\u00dfe Produkttestphasen, nach denen wir die Festigkeit des Silikons angepasst haben - f\u00fcr die perfekte Kombination aus Komfort und einfacher Handhabung. Aufgrund des Feedbacks haben wir die kleinere Tasse, SIZE A, fester und die gr\u00f6\u00dfere Tasse, SIZE B, weicher gemacht.<\/p>\n                    <\/div>\n    <\/div>\n<\/div><\/div><div class=\"qode-workflow  qode-workflow-animate\">\n    <span class=\"main-line\" style=\"background-color:#84c8b5;\"><\/span>\n    <div class=\"qode-workflow-item\">\n    <span class=\"line\" style=\"background-color:#84c8b5;\"><\/span>\n    <div class=\"qode-workflow-item-inner \">\n        <div class=\"qode-workflow-image left\">\n            <img decoding=\"async\" width=\"320\" height=\"320\" src=\"https:\/\/thefuncup.com\/wp-content\/uploads\/2018\/04\/Mood_kreis_320px_FUN_CUP_about_3.png\" class=\"attachment-full size-full\" alt=\"FUN CUP SIZE A - The smaller Menstrual Cup\" \/>        <\/div>\n        <div class=\"qode-workflow-text\">\n            <span class=\"circle\" style=\"border-color:#84c8b5;background-color:#84c8b5;\"><\/span>\n                            <h3>DAS DESIGN<\/h3>\n                                                    <p class=\"text\">Das Endprodukt wurde von einer Frau entwickelt, die die R\u00fcckmeldungen des FUN FACTORY Teams sowie das Feedback anderer Menstruationstassen-Nutzer beim endg\u00fcltigen Design ber\u00fccksichtigte. <\/p>\n                    <\/div>\n    <\/div>\n<\/div><\/div><div class=\"qode-workflow  qode-workflow-animate\">\n    <span class=\"main-line\" style=\"background-color:#84c8b5;\"><\/span>\n    <div class=\"qode-workflow-item\">\n    <span class=\"line\" style=\"background-color:#84c8b5;\"><\/span>\n    <div class=\"qode-workflow-item-inner reverse\">\n        <div class=\"qode-workflow-image right\">\n            <img loading=\"lazy\" decoding=\"async\" width=\"320\" height=\"320\" src=\"https:\/\/thefuncup.com\/wp-content\/uploads\/2018\/04\/Mood_kreis_320px_FUN_CUP_about_4.png\" class=\"attachment-full size-full\" alt=\"FUN CUP - The Menstrual Cup - Bag\" \/>        <\/div>\n        <div class=\"qode-workflow-text\">\n            <span class=\"circle\" style=\"border-color:#84c8b5;background-color:#84c8b5;\"><\/span>\n                            <h3>GENDER NEUTRALIT\u00c4T<\/h3>\n                                                    <p class=\"text\">Dank unserer Fokussierung auf Sexualit\u00e4t und Geschlechterbildung haben wir uns entschieden, den FUN CUP genderneutral zu vermarkten. So schlie\u00dfen Sprache, Farben und Verpackung alle Gender mit ein. Wir m\u00f6chten, dass sich alle, die eine Periode haben, mit dem FUN CUP sicher f\u00fchlen. <\/p>\n                    <\/div>\n    <\/div>\n<\/div><\/div><div class=\"qode-workflow  qode-workflow-animate\">\n    <span class=\"main-line\" style=\"background-color:#84c8b5;\"><\/span>\n    <div class=\"qode-workflow-item\">\n    <span class=\"line\" style=\"background-color:#84c8b5;\"><\/span>\n    <div class=\"qode-workflow-item-inner \">\n        <div class=\"qode-workflow-image left\">\n            <img loading=\"lazy\" decoding=\"async\" width=\"320\" height=\"320\" src=\"https:\/\/thefuncup.com\/wp-content\/uploads\/2018\/04\/Mood_kreis_320px_FUN_CUP_about_7.png\" class=\"attachment-full size-full\" alt=\"\" \/>        <\/div>\n        <div class=\"qode-workflow-text\">\n            <span class=\"circle\" style=\"border-color:#84c8b5;background-color:#84c8b5;\"><\/span>\n                            <h3>DER STARTSCHUSS<\/h3>\n                                                    <p class=\"text\">Der FUN CUP wurde im August 2017 in den Markt eingef\u00fchrt und begeisterte Sexualautoren sowie Kunden gleicherma\u00dfen.<\/p>\n                    <\/div>\n    <\/div>\n<\/div><\/div><div class=\"qode-workflow  qode-workflow-animate\">\n    <span class=\"main-line\" style=\"background-color:#84c8b5;\"><\/span>\n    <div class=\"qode-workflow-item\">\n    <span class=\"line\" style=\"background-color:#84c8b5;\"><\/span>\n    <div class=\"qode-workflow-item-inner reverse\">\n        <div class=\"qode-workflow-image right\">\n            <img loading=\"lazy\" decoding=\"async\" width=\"320\" height=\"320\" src=\"https:\/\/thefuncup.com\/wp-content\/uploads\/2018\/04\/Mood_kreis_320px_FUN_CUP_about_6.png\" class=\"attachment-full size-full\" alt=\"Fun Factory Fun Cup\" \/>        <\/div>\n        <div class=\"qode-workflow-text\">\n            <span class=\"circle\" style=\"border-color:#84c8b5;background-color:#84c8b5;\"><\/span>\n                            <h3>WAS DIE ZUKUNFT BRINGT<\/h3>\n                                                    <p class=\"text\">Die FUN FACTORY arbeitet t\u00e4glich daran, neue Sexual Wellness Produkte und Vergn\u00fcgungsprodukte in unserer umwelt- und arbeitnehmerfreundlichen Produktion in Deutschland zu entwickeln. <\/p>\n                    <\/div>\n    <\/div>\n<\/div><\/div>[\/vc_column][\/vc_row][vc_row css_animation=&#8220;&#8220; row_type=&#8220;row&#8220; use_row_as_full_screen_section=&#8220;no&#8220; type=&#8220;full_width&#8220; angled_section=&#8220;no&#8220; text_align=&#8220;left&#8220; background_image_as_pattern=&#8220;without_pattern&#8220;][vc_column][vc_empty_space height=&#8220;64px&#8220;][\/vc_column][\/vc_row]<\/p>\n<\/div>","protected":false},"excerpt":{"rendered":"<p>[vc_row css_animation=&#8220;&#8220; row_type=&#8220;row&#8220; use_row_as_full_screen_section=&#8220;no&#8220; type=&#8220;full_width&#8220; angled_section=&#8220;no&#8220; text_align=&#8220;left&#8220; background_image_as_pattern=&#8220;without_pattern&#8220; z_index=&#8220;&#8220;][vc_column][vc_column_text] Die Entwicklung des FUN CUP [\/vc_column_text][\/vc_column][\/vc_row][vc_row css_animation=&#8220;&#8220; row_type=&#8220;row&#8220; use_row_as_full_screen_section=&#8220;no&#8220; type=&#8220;full_width&#8220; angled_section=&#8220;no&#8220; text_align=&#8220;left&#8220; background_image_as_pattern=&#8220;without_pattern&#8220;][vc_column][vc_empty_space height=&#8220;64px&#8220;][\/vc_column][\/vc_row]<\/p>\n","protected":false},"author":2,"featured_media":0,"parent":0,"menu_order":0,"comment_status":"closed","ping_status":"closed","template":"","meta":{"footnotes":""},"class_list":["post-150738","page","type-page","status-publish","hentry"],"yoast_head":"<!-- This site is optimized with the Yoast SEO plugin v26.8 - https:\/\/yoast.com\/product\/yoast-seo-wordpress\/ -->\n<title>\u00dcBER DEN FUN CUP | Die Entwicklung unserer Menstruationstasse<\/title>\n<meta name=\"description\" content=\"Die FUN FACTORY Designer sind echte Experten in Sachen menschlicher Anatomie. So wurde ein Mens Cup entworfen, der aus guten Gr\u00fcnden vom Standard abweicht.\" \/>\n<meta name=\"robots\" content=\"index, follow, max-snippet:-1, max-image-preview:large, max-video-preview:-1\" \/>\n<link rel=\"canonical\" href=\"https:\/\/thefuncup.com\/de\/ueber-uns\/\" \/>\n<meta property=\"og:locale\" content=\"de_DE\" \/>\n<meta property=\"og:type\" content=\"article\" \/>\n<meta property=\"og:title\" content=\"\u00dcBER DEN FUN CUP | Die Entwicklung unserer Menstruationstasse\" \/>\n<meta property=\"og:description\" content=\"Die FUN FACTORY Designer sind echte Experten in Sachen menschlicher Anatomie. So wurde ein Mens Cup entworfen, der aus guten Gr\u00fcnden vom Standard abweicht.\" \/>\n<meta property=\"og:url\" content=\"https:\/\/thefuncup.com\/de\/ueber-uns\/\" \/>\n<meta property=\"og:site_name\" content=\"FUN-CUP\" \/>\n<meta property=\"article:modified_time\" content=\"2019-07-03T09:35:01+00:00\" \/>\n<meta name=\"twitter:card\" content=\"summary_large_image\" \/>\n<meta name=\"twitter:label1\" content=\"Gesch\u00e4tzte Lesezeit\" \/>\n\t<meta name=\"twitter:data1\" content=\"3\u00a0Minuten\" \/>\n<script type=\"application\/ld+json\" class=\"yoast-schema-graph\">{\"@context\":\"https:\/\/schema.org\",\"@graph\":[{\"@type\":\"WebPage\",\"@id\":\"https:\/\/thefuncup.com\/de\/ueber-uns\/\",\"url\":\"https:\/\/thefuncup.com\/de\/ueber-uns\/\",\"name\":\"\u00dcBER DEN FUN CUP | Die Entwicklung unserer Menstruationstasse\",\"isPartOf\":{\"@id\":\"https:\/\/thefuncup.com\/en\/#website\"},\"datePublished\":\"2018-01-16T14:13:45+00:00\",\"dateModified\":\"2019-07-03T09:35:01+00:00\",\"description\":\"Die FUN FACTORY Designer sind echte Experten in Sachen menschlicher Anatomie. So wurde ein Mens Cup entworfen, der aus guten Gr\u00fcnden vom Standard abweicht.\",\"breadcrumb\":{\"@id\":\"https:\/\/thefuncup.com\/de\/ueber-uns\/#breadcrumb\"},\"inLanguage\":\"de\",\"potentialAction\":[{\"@type\":\"ReadAction\",\"target\":[\"https:\/\/thefuncup.com\/de\/ueber-uns\/\"]}]},{\"@type\":\"BreadcrumbList\",\"@id\":\"https:\/\/thefuncup.com\/de\/ueber-uns\/#breadcrumb\",\"itemListElement\":[{\"@type\":\"ListItem\",\"position\":1,\"name\":\"Home\",\"item\":\"https:\/\/thefuncup.com\/de\/\"},{\"@type\":\"ListItem\",\"position\":2,\"name\":\"ABOUT\"}]},{\"@type\":\"WebSite\",\"@id\":\"https:\/\/thefuncup.com\/en\/#website\",\"url\":\"https:\/\/thefuncup.com\/en\/\",\"name\":\"FUN-CUP\",\"description\":\"SIMPLE. HEALTHY. PERIOD. THE FUN CUP\",\"potentialAction\":[{\"@type\":\"SearchAction\",\"target\":{\"@type\":\"EntryPoint\",\"urlTemplate\":\"https:\/\/thefuncup.com\/en\/?s={search_term_string}\"},\"query-input\":{\"@type\":\"PropertyValueSpecification\",\"valueRequired\":true,\"valueName\":\"search_term_string\"}}],\"inLanguage\":\"de\"}]}<\/script>\n<!-- \/ Yoast SEO plugin. -->","yoast_head_json":{"title":"\u00dcBER DEN FUN CUP | Die Entwicklung unserer Menstruationstasse","description":"Die FUN FACTORY Designer sind echte Experten in Sachen menschlicher Anatomie. So wurde ein Mens Cup entworfen, der aus guten Gr\u00fcnden vom Standard abweicht.","robots":{"index":"index","follow":"follow","max-snippet":"max-snippet:-1","max-image-preview":"max-image-preview:large","max-video-preview":"max-video-preview:-1"},"canonical":"https:\/\/thefuncup.com\/de\/ueber-uns\/","og_locale":"de_DE","og_type":"article","og_title":"\u00dcBER DEN FUN CUP | Die Entwicklung unserer Menstruationstasse","og_description":"Die FUN FACTORY Designer sind echte Experten in Sachen menschlicher Anatomie. So wurde ein Mens Cup entworfen, der aus guten Gr\u00fcnden vom Standard abweicht.","og_url":"https:\/\/thefuncup.com\/de\/ueber-uns\/","og_site_name":"FUN-CUP","article_modified_time":"2019-07-03T09:35:01+00:00","twitter_card":"summary_large_image","twitter_misc":{"Gesch\u00e4tzte Lesezeit":"3\u00a0Minuten"},"schema":{"@context":"https:\/\/schema.org","@graph":[{"@type":"WebPage","@id":"https:\/\/thefuncup.com\/de\/ueber-uns\/","url":"https:\/\/thefuncup.com\/de\/ueber-uns\/","name":"\u00dcBER DEN FUN CUP | Die Entwicklung unserer Menstruationstasse","isPartOf":{"@id":"https:\/\/thefuncup.com\/en\/#website"},"datePublished":"2018-01-16T14:13:45+00:00","dateModified":"2019-07-03T09:35:01+00:00","description":"Die FUN FACTORY Designer sind echte Experten in Sachen menschlicher Anatomie. So wurde ein Mens Cup entworfen, der aus guten Gr\u00fcnden vom Standard abweicht.","breadcrumb":{"@id":"https:\/\/thefuncup.com\/de\/ueber-uns\/#breadcrumb"},"inLanguage":"de","potentialAction":[{"@type":"ReadAction","target":["https:\/\/thefuncup.com\/de\/ueber-uns\/"]}]},{"@type":"BreadcrumbList","@id":"https:\/\/thefuncup.com\/de\/ueber-uns\/#breadcrumb","itemListElement":[{"@type":"ListItem","position":1,"name":"Home","item":"https:\/\/thefuncup.com\/de\/"},{"@type":"ListItem","position":2,"name":"ABOUT"}]},{"@type":"WebSite","@id":"https:\/\/thefuncup.com\/en\/#website","url":"https:\/\/thefuncup.com\/en\/","name":"FUN-CUP","description":"SIMPLE. HEALTHY. PERIOD. THE FUN CUP","potentialAction":[{"@type":"SearchAction","target":{"@type":"EntryPoint","urlTemplate":"https:\/\/thefuncup.com\/en\/?s={search_term_string}"},"query-input":{"@type":"PropertyValueSpecification","valueRequired":true,"valueName":"search_term_string"}}],"inLanguage":"de"}]}},"_links":{"self":[{"href":"https:\/\/thefuncup.com\/de\/wp-json\/wp\/v2\/pages\/150738","targetHints":{"allow":["GET"]}}],"collection":[{"href":"https:\/\/thefuncup.com\/de\/wp-json\/wp\/v2\/pages"}],"about":[{"href":"https:\/\/thefuncup.com\/de\/wp-json\/wp\/v2\/types\/page"}],"author":[{"embeddable":true,"href":"https:\/\/thefuncup.com\/de\/wp-json\/wp\/v2\/users\/2"}],"replies":[{"embeddable":true,"href":"https:\/\/thefuncup.com\/de\/wp-json\/wp\/v2\/comments?post=150738"}],"version-history":[{"count":0,"href":"https:\/\/thefuncup.com\/de\/wp-json\/wp\/v2\/pages\/150738\/revisions"}],"wp:attachment":[{"href":"https:\/\/thefuncup.com\/de\/wp-json\/wp\/v2\/media?parent=150738"}],"curies":[{"name":"wp","href":"https:\/\/api.w.org\/{rel}","templated":true}]}}